{"id":4304,"date":"2022-03-26T17:05:02","date_gmt":"2022-03-26T15:05:02","guid":{"rendered":"https:\/\/maukiss.store\/apie-mus\/"},"modified":"2024-06-28T14:53:03","modified_gmt":"2024-06-28T12:53:03","slug":"apie-mus","status":"publish","type":"page","link":"https:\/\/maukiss.store\/lt\/apie-mus\/","title":{"rendered":"Apie mus"},"content":{"rendered":"\t\t<div data-elementor-type=\"wp-page\" data-elementor-id=\"4304\" class=\"elementor elementor-4304\">\n\t\t\t\t\t\t<div class=\"elementor-inner\">\n\t\t\t\t<div class=\"elementor-section-wrap\">\n\t\t\t\t\t\t\t\t\t<section class=\"elementor-section elementor-top-section elementor-element elementor-element-207b elementor-section-full_width elementor-section-height-default elementor-section-height-default\" data-id=\"207b\" data-element_type=\"section\">\n\t\t\t\t\t\t<div class=\"elementor-container elementor-column-gap-default\">\n\t\t\t\t\t\t\t<div class=\"elementor-row\">\n\t\t\t\t\t<div class=\"elementor-column elementor-col-100 elementor-top-column elementor-element elementor-element-7e98\" data-id=\"7e98\" data-element_type=\"column\">\n\t\t\t<div class=\"elementor-column-wrap elementor-element-populated\">\n\t\t\t\t\t\t\t<div class=\"elementor-widget-wrap\">\n\t\t\t\t\t\t<div class=\"elementor-element elementor-element-6341077 elementor-widget elementor-widget-heading\" data-id=\"6341077\" data-element_type=\"widget\" data-widget_type=\"heading.default\">\n\t\t\t\t<div class=\"elementor-widget-container\">\n\t\t\t<h2 class=\"elementor-heading-title elementor-size-default\">PARODYKITE DALEL\u0119 SAV\u0118S. <br>MAUKISS STENGIASI PAD\u0116TI JUMS PASAKOTI SAVO ISTORIJ\u0104 PER INDIVIDUALAUS \u012eVAIZD\u017eiO K\u016aRIM\u0104. <br>NET JEI TAI TIK VIENOS NAKTIES ISTORIJA, JI YRA KURIAMA J\u016aS\u0172, LEISKITE MUMS I\u0160PILDYTI \u0160I\u0104 VIZIJ\u0104. MAUKISS SI\u016aLO INDIVIDUALiUS DRABU\u017dI\u0172 DIZAINUS IR GAMINA PARUO\u0160TAS D\u0116V\u0116TI KOLEKCIJAS, KURIAS GALITE \u012eSIGYTI \u0160IOJE SVETAIN\u0116JE.<\/h2>\t\t<\/div>\n\t\t\t\t<\/div>\n\t\t\t\t<div class=\"elementor-element elementor-element-66f1 elementor-widget elementor-widget-text-editor\" data-id=\"66f1\" data-element_type=\"widget\" data-widget_type=\"text-editor.default\">\n\t\t\t\t<div class=\"elementor-widget-container\">\n\t\t\t\t\t\t\t\t<div class=\"elementor-text-editor elementor-clearfix\">\n\t\t\t\tSUKURTA DVIEJ\u0172 DRAUGI\u0172, UNIKALI\u0172 DRABU\u017dI\u0172 PAIE\u0160KOSE.\t\t\t\t\t<\/div>\n\t\t\t\t\t\t<\/div>\n\t\t\t\t<\/div>\n\t\t\t\t\t\t<\/div>\n\t\t\t\t\t<\/div>\n\t\t<\/div>\n\t\t\t\t\t\t\t\t<\/div>\n\t\t\t\t\t<\/div>\n\t\t<\/section>\n\t\t\t\t<section class=\"elementor-section elementor-top-section elementor-element elementor-element-b4210a6 elementor-section-boxed elementor-section-height-default elementor-section-height-default\" data-id=\"b4210a6\" data-element_type=\"section\">\n\t\t\t\t\t\t<div class=\"elementor-container elementor-column-gap-default\">\n\t\t\t\t\t\t\t<div class=\"elementor-row\">\n\t\t\t\t\t<div class=\"elementor-column elementor-col-100 elementor-top-column elementor-element elementor-element-750c606\" data-id=\"750c606\" data-element_type=\"column\">\n\t\t\t<div class=\"elementor-column-wrap elementor-element-populated\">\n\t\t\t\t\t\t\t<div class=\"elementor-widget-wrap\">\n\t\t\t\t\t\t<div class=\"elementor-element elementor-element-698af60 elementor-widget elementor-widget-sober-section-heading\" data-id=\"698af60\" data-element_type=\"widget\" data-widget_type=\"sober-section-heading.default\">\n\t\t\t\t<div class=\"elementor-widget-container\">\n\t\t\t<h2 class=\"sober-section-heading sober-section-heading--default sober-section-header--align-center\"><span class=\"sober-section-heading__title\">M\u016bs\u0173 bruo\u017eai<\/span><\/h2>\t\t<\/div>\n\t\t\t\t<\/div>\n\t\t\t\t<div class=\"elementor-element elementor-element-0b09ef9 elementor-widget elementor-widget-sober-icon-box-carousel\" data-id=\"0b09ef9\" data-element_type=\"widget\" data-settings=\"{&quot;items_to_show&quot;:3,&quot;items_to_show_tablet&quot;:2,&quot;items_to_show_mobile&quot;:1}\" data-widget_type=\"sober-icon-box-carousel.default\">\n\t\t\t\t<div class=\"elementor-widget-container\">\n\t\t\t\t\t<div class=\"sober-icon-box-carousel\">\n\t\t\t\t\t\t\t\t\t\t\t<div class=\"sober-icon-box sober-icon-box-carousel__box icon-type-icon icon-style-normal elementor-repeater-item-956b71d\">\n\t\t\t\t\t<div class=\"sober-icon-box__icon box-icon\">\n\t\t\t\t\t\t<i aria-hidden=\"true\" class=\"far fa-heart\"><\/i>\t\t\t\t\t<\/div>\n\t\t\t\t\t<h1 class=\"sober-icon-box__title box-title\">Pagaminta eti\u0161kai<\/h1>\n\t\t\t\t\t<div class=\"sober-icon-box__content box-content\">Visi MauKiss drabu\u017eiai yra pagaminti laikantis tvari\u0173 ir eti\u0161k\u0173 gamybos princip\u0173.<\/div>\n\t\t\t\t<\/div>\n\t\t\t\t\t\t\t\t\t\t\t<div class=\"sober-icon-box sober-icon-box-carousel__box icon-type-icon icon-style-normal elementor-repeater-item-e16e4ef\">\n\t\t\t\t\t<div class=\"sober-icon-box__icon box-icon\">\n\t\t\t\t\t\t<i aria-hidden=\"true\" class=\"fas fa-home\"><\/i>\t\t\t\t\t<\/div>\n\t\t\t\t\t<h3 class=\"sober-icon-box__title box-title\">Sukurta Lietuvoje<\/h3>\n\t\t\t\t\t<div class=\"sober-icon-box__content box-content\">Kiekvienas MauKiss dizaino konceptas yra sukurtas Lietuvoje.<\/div>\n\t\t\t\t<\/div>\n\t\t\t\t\t\t\t\t\t\t\t<div class=\"sober-icon-box sober-icon-box-carousel__box icon-type-icon icon-style-normal elementor-repeater-item-75161ee\">\n\t\t\t\t\t<div class=\"sober-icon-box__icon box-icon\">\n\t\t\t\t\t\t<i aria-hidden=\"true\" class=\"fas fa-handshake\"><\/i>\t\t\t\t\t<\/div>\n\t\t\t\t\t<h3 class=\"sober-icon-box__title box-title\">Saug\u016bs mok\u0117jimai<\/h3>\n\t\t\t\t\t<div class=\"sober-icon-box__content box-content\">Savo klientams suteikiame saugias, patogiausias ir papras\u010diausias mok\u0117jimo galimybes.<\/div>\n\t\t\t\t<\/div>\n\t\t\t\t\t<\/div>\n\t\t\t\t<\/div>\n\t\t\t\t<\/div>\n\t\t\t\t\t\t<\/div>\n\t\t\t\t\t<\/div>\n\t\t<\/div>\n\t\t\t\t\t\t\t\t<\/div>\n\t\t\t\t\t<\/div>\n\t\t<\/section>\n\t\t\t\t<section class=\"elementor-section elementor-top-section elementor-element elementor-element-4104bed elementor-section-stretched elementor-section-full_width elementor-section-height-default elementor-section-height-default\" data-id=\"4104bed\" data-element_type=\"section\" data-settings=\"{&quot;stretch_section&quot;:&quot;section-stretched&quot;,&quot;background_background&quot;:&quot;classic&quot;}\">\n\t\t\t\t\t\t<div class=\"elementor-container elementor-column-gap-default\">\n\t\t\t\t\t\t\t<div class=\"elementor-row\">\n\t\t\t\t\t<div class=\"elementor-column elementor-col-50 elementor-top-column elementor-element elementor-element-8fc9edf\" data-id=\"8fc9edf\" data-element_type=\"column\">\n\t\t\t<div class=\"elementor-column-wrap elementor-element-populated\">\n\t\t\t\t\t\t\t<div class=\"elementor-widget-wrap\">\n\t\t\t\t\t\t<div class=\"elementor-element elementor-element-945cc13 elementor-widget elementor-widget-image\" data-id=\"945cc13\" data-element_type=\"widget\" data-widget_type=\"image.default\">\n\t\t\t\t<div class=\"elementor-widget-container\">\n\t\t\t\t\t\t\t\t<div class=\"elementor-image\">\n\t\t\t\t\t\t\t\t\t\t\t\t<img loading=\"lazy\" decoding=\"async\" width=\"274\" height=\"274\" src=\"https:\/\/maukiss.store\/wp-content\/uploads\/2021\/11\/logo-black-1-.png\" class=\"attachment-full size-full\" alt=\"\" srcset=\"https:\/\/maukiss.store\/wp-content\/uploads\/2021\/11\/logo-black-1-.png 274w, https:\/\/maukiss.store\/wp-content\/uploads\/2021\/11\/logo-black-1--150x150.png 150w, https:\/\/maukiss.store\/wp-content\/uploads\/2021\/11\/logo-black-1--100x100.png 100w\" sizes=\"auto, (max-width: 274px) 100vw, 274px\" \/>\t\t\t\t\t\t\t\t\t\t\t\t\t\t<\/div>\n\t\t\t\t\t\t<\/div>\n\t\t\t\t<\/div>\n\t\t\t\t\t\t<\/div>\n\t\t\t\t\t<\/div>\n\t\t<\/div>\n\t\t\t\t<div class=\"elementor-column elementor-col-50 elementor-top-column elementor-element elementor-element-1e2f47a\" data-id=\"1e2f47a\" data-element_type=\"column\">\n\t\t\t<div class=\"elementor-column-wrap elementor-element-populated\">\n\t\t\t\t\t\t\t<div class=\"elementor-widget-wrap\">\n\t\t\t\t\t\t<div class=\"elementor-element elementor-element-19b3151 elementor-widget elementor-widget-sober-section-heading\" data-id=\"19b3151\" data-element_type=\"widget\" data-widget_type=\"sober-section-heading.default\">\n\t\t\t\t<div class=\"elementor-widget-container\">\n\t\t\t<h2 class=\"sober-section-heading sober-section-heading--default sober-section-header--align-center\"><span class=\"sober-section-heading__title\">\u012ek\u016br\u0117jos<\/span><\/h2>\t\t<\/div>\n\t\t\t\t<\/div>\n\t\t\t\t<div class=\"elementor-element elementor-element-afed4c7 elementor-widget elementor-widget-text-editor\" data-id=\"afed4c7\" data-element_type=\"widget\" data-widget_type=\"text-editor.default\">\n\t\t\t\t<div class=\"elementor-widget-container\">\n\t\t\t\t\t\t\t\t<div class=\"elementor-text-editor elementor-clearfix\">\n\t\t\t\t<h2>\u201eManome, kad matydami \u017emogaus drabu\u017eius kartais galima \u012f\u017evelgti ir dalel\u0119 \u017emogaus vidaus. Norime i\u0161vysti dalel\u0119 J\u016bs\u0173.\u201c<\/h2>\t\t\t\t\t<\/div>\n\t\t\t\t\t\t<\/div>\n\t\t\t\t<\/div>\n\t\t\t\t<div class=\"elementor-element elementor-element-c9f5157 elementor-widget elementor-widget-text-editor\" data-id=\"c9f5157\" data-element_type=\"widget\" data-widget_type=\"text-editor.default\">\n\t\t\t\t<div class=\"elementor-widget-container\">\n\t\t\t\t\t\t\t\t<div class=\"elementor-text-editor elementor-clearfix\">\n\t\t\t\t<h4 style=\"color: white;\">-Maukiss komanda<\/h4>\t\t\t\t\t<\/div>\n\t\t\t\t\t\t<\/div>\n\t\t\t\t<\/div>\n\t\t\t\t\t\t<\/div>\n\t\t\t\t\t<\/div>\n\t\t<\/div>\n\t\t\t\t\t\t\t\t<\/div>\n\t\t\t\t\t<\/div>\n\t\t<\/section>\n\t\t\t\t\t\t\t\t\t<\/div>\n\t\t\t<\/div>\n\t\t\t\t\t<\/div>\n\t\t","protected":false},"excerpt":{"rendered":"<p>PARODYKITE DALEL\u0119 SAV\u0118S. MAUKISS STENGIASI PAD\u0116TI JUMS PASAKOTI SAVO ISTORIJ\u0104 PER INDIVIDUALAUS \u012eVAIZD\u017eiO K\u016aRIM\u0104. NET JEI TAI TIK VIENOS NAKTIES ISTORIJA, JI YRA KURIAMA J\u016aS\u0172, LEISKITE MUMS I\u0160PILDYTI \u0160I\u0104 VIZIJ\u0104.&hellip;<\/p>\n","protected":false},"author":5,"featured_media":0,"parent":0,"menu_order":0,"comment_status":"closed","ping_status":"closed","template":"templates\/full-width.php","meta":{"footnotes":""},"class_list":["post-4304","page","type-page","status-publish","hentry"],"acf":[],"yoast_head":"<!-- This site is optimized with the Yoast SEO plugin v19.5.1 - https:\/\/yoast.com\/wordpress\/plugins\/seo\/ -->\n<title>Apie mus - MauKiss<\/title>\n<meta name=\"robots\" content=\"index, follow, max-snippet:-1, max-image-preview:large, max-video-preview:-1\" \/>\n<link rel=\"canonical\" href=\"https:\/\/maukiss.store\/apie-mus\/\" \/>\n<meta property=\"og:locale\" content=\"lt_LT\" \/>\n<meta property=\"og:type\" content=\"article\" \/>\n<meta property=\"og:title\" content=\"Apie mus - MauKiss\" \/>\n<meta property=\"og:description\" content=\"PARODYKITE DALEL\u0119 SAV\u0118S. MAUKISS STENGIASI PAD\u0116TI JUMS PASAKOTI SAVO ISTORIJ\u0104 PER INDIVIDUALAUS \u012eVAIZD\u017eiO K\u016aRIM\u0104. NET JEI TAI TIK VIENOS NAKTIES ISTORIJA, JI YRA KURIAMA J\u016aS\u0172, LEISKITE MUMS I\u0160PILDYTI \u0160I\u0104 VIZIJ\u0104.&hellip;\" \/>\n<meta property=\"og:url\" content=\"https:\/\/maukiss.store\/apie-mus\/\" \/>\n<meta property=\"og:site_name\" content=\"MauKiss\" \/>\n<meta property=\"article:publisher\" content=\"https:\/\/www.facebook.com\/Maukissofficial\" \/>\n<meta property=\"article:modified_time\" content=\"2024-06-28T12:53:03+00:00\" \/>\n<meta property=\"og:image\" content=\"https:\/\/maukiss.store\/wp-content\/uploads\/2021\/11\/logo-black-1-.png\" \/>\n<meta name=\"twitter:card\" content=\"summary_large_image\" \/>\n<meta name=\"twitter:label1\" content=\"Est. reading time\" \/>\n\t<meta name=\"twitter:data1\" content=\"1 minut\u0117\" \/>\n<script type=\"application\/ld+json\" class=\"yoast-schema-graph\">{\"@context\":\"https:\/\/schema.org\",\"@graph\":[{\"@type\":\"WebPage\",\"@id\":\"https:\/\/maukiss.store\/apie-mus\/\",\"url\":\"https:\/\/maukiss.store\/apie-mus\/\",\"name\":\"Apie mus - MauKiss\",\"isPartOf\":{\"@id\":\"https:\/\/maukiss.store\/#website\"},\"datePublished\":\"2022-03-26T15:05:02+00:00\",\"dateModified\":\"2024-06-28T12:53:03+00:00\",\"breadcrumb\":{\"@id\":\"https:\/\/maukiss.store\/apie-mus\/#breadcrumb\"},\"inLanguage\":\"lt-LT\",\"potentialAction\":[{\"@type\":\"ReadAction\",\"target\":[\"https:\/\/maukiss.store\/apie-mus\/\"]}]},{\"@type\":\"BreadcrumbList\",\"@id\":\"https:\/\/maukiss.store\/apie-mus\/#breadcrumb\",\"itemListElement\":[{\"@type\":\"ListItem\",\"position\":1,\"name\":\"Home\",\"item\":\"https:\/\/maukiss.store\/\"},{\"@type\":\"ListItem\",\"position\":2,\"name\":\"Apie mus\"}]},{\"@type\":\"WebSite\",\"@id\":\"https:\/\/maukiss.store\/#website\",\"url\":\"https:\/\/maukiss.store\/\",\"name\":\"MauKiss\",\"description\":\"Show your true self\",\"publisher\":{\"@id\":\"https:\/\/maukiss.store\/#organization\"},\"potentialAction\":[{\"@type\":\"SearchAction\",\"target\":{\"@type\":\"EntryPoint\",\"urlTemplate\":\"https:\/\/maukiss.store\/?s={search_term_string}\"},\"query-input\":\"required name=search_term_string\"}],\"inLanguage\":\"lt-LT\"},{\"@type\":\"Organization\",\"@id\":\"https:\/\/maukiss.store\/#organization\",\"name\":\"MauKiss\",\"url\":\"https:\/\/maukiss.store\/\",\"sameAs\":[\"https:\/\/www.instagram.com\/maukiss_official\/\",\"https:\/\/www.facebook.com\/Maukissofficial\"],\"logo\":{\"@type\":\"ImageObject\",\"inLanguage\":\"lt-LT\",\"@id\":\"https:\/\/maukiss.store\/#\/schema\/logo\/image\/\",\"url\":\"https:\/\/maukiss.store\/wp-content\/uploads\/2021\/02\/180X180-e1614016205173.png\",\"contentUrl\":\"https:\/\/maukiss.store\/wp-content\/uploads\/2021\/02\/180X180-e1614016205173.png\",\"width\":180,\"height\":92,\"caption\":\"MauKiss\"},\"image\":{\"@id\":\"https:\/\/maukiss.store\/#\/schema\/logo\/image\/\"}}]}<\/script>\n<!-- \/ Yoast SEO plugin. -->","yoast_head_json":{"title":"Apie mus - MauKiss","robots":{"index":"index","follow":"follow","max-snippet":"max-snippet:-1","max-image-preview":"max-image-preview:large","max-video-preview":"max-video-preview:-1"},"canonical":"https:\/\/maukiss.store\/apie-mus\/","og_locale":"lt_LT","og_type":"article","og_title":"Apie mus - MauKiss","og_description":"PARODYKITE DALEL\u0119 SAV\u0118S. MAUKISS STENGIASI PAD\u0116TI JUMS PASAKOTI SAVO ISTORIJ\u0104 PER INDIVIDUALAUS \u012eVAIZD\u017eiO K\u016aRIM\u0104. NET JEI TAI TIK VIENOS NAKTIES ISTORIJA, JI YRA KURIAMA J\u016aS\u0172, LEISKITE MUMS I\u0160PILDYTI \u0160I\u0104 VIZIJ\u0104.&hellip;","og_url":"https:\/\/maukiss.store\/apie-mus\/","og_site_name":"MauKiss","article_publisher":"https:\/\/www.facebook.com\/Maukissofficial","article_modified_time":"2024-06-28T12:53:03+00:00","og_image":[{"url":"https:\/\/maukiss.store\/wp-content\/uploads\/2021\/11\/logo-black-1-.png"}],"twitter_card":"summary_large_image","twitter_misc":{"Est. reading time":"1 minut\u0117"},"schema":{"@context":"https:\/\/schema.org","@graph":[{"@type":"WebPage","@id":"https:\/\/maukiss.store\/apie-mus\/","url":"https:\/\/maukiss.store\/apie-mus\/","name":"Apie mus - MauKiss","isPartOf":{"@id":"https:\/\/maukiss.store\/#website"},"datePublished":"2022-03-26T15:05:02+00:00","dateModified":"2024-06-28T12:53:03+00:00","breadcrumb":{"@id":"https:\/\/maukiss.store\/apie-mus\/#breadcrumb"},"inLanguage":"lt-LT","potentialAction":[{"@type":"ReadAction","target":["https:\/\/maukiss.store\/apie-mus\/"]}]},{"@type":"BreadcrumbList","@id":"https:\/\/maukiss.store\/apie-mus\/#breadcrumb","itemListElement":[{"@type":"ListItem","position":1,"name":"Home","item":"https:\/\/maukiss.store\/"},{"@type":"ListItem","position":2,"name":"Apie mus"}]},{"@type":"WebSite","@id":"https:\/\/maukiss.store\/#website","url":"https:\/\/maukiss.store\/","name":"MauKiss","description":"Show your true self","publisher":{"@id":"https:\/\/maukiss.store\/#organization"},"potentialAction":[{"@type":"SearchAction","target":{"@type":"EntryPoint","urlTemplate":"https:\/\/maukiss.store\/?s={search_term_string}"},"query-input":"required name=search_term_string"}],"inLanguage":"lt-LT"},{"@type":"Organization","@id":"https:\/\/maukiss.store\/#organization","name":"MauKiss","url":"https:\/\/maukiss.store\/","sameAs":["https:\/\/www.instagram.com\/maukiss_official\/","https:\/\/www.facebook.com\/Maukissofficial"],"logo":{"@type":"ImageObject","inLanguage":"lt-LT","@id":"https:\/\/maukiss.store\/#\/schema\/logo\/image\/","url":"https:\/\/maukiss.store\/wp-content\/uploads\/2021\/02\/180X180-e1614016205173.png","contentUrl":"https:\/\/maukiss.store\/wp-content\/uploads\/2021\/02\/180X180-e1614016205173.png","width":180,"height":92,"caption":"MauKiss"},"image":{"@id":"https:\/\/maukiss.store\/#\/schema\/logo\/image\/"}}]}},"_links":{"self":[{"href":"https:\/\/maukiss.store\/lt\/wp-json\/wp\/v2\/pages\/4304","targetHints":{"allow":["GET"]}}],"collection":[{"href":"https:\/\/maukiss.store\/lt\/wp-json\/wp\/v2\/pages"}],"about":[{"href":"https:\/\/maukiss.store\/lt\/wp-json\/wp\/v2\/types\/page"}],"author":[{"embeddable":true,"href":"https:\/\/maukiss.store\/lt\/wp-json\/wp\/v2\/users\/5"}],"replies":[{"embeddable":true,"href":"https:\/\/maukiss.store\/lt\/wp-json\/wp\/v2\/comments?post=4304"}],"version-history":[{"count":46,"href":"https:\/\/maukiss.store\/lt\/wp-json\/wp\/v2\/pages\/4304\/revisions"}],"predecessor-version":[{"id":5340,"href":"https:\/\/maukiss.store\/lt\/wp-json\/wp\/v2\/pages\/4304\/revisions\/5340"}],"wp:attachment":[{"href":"https:\/\/maukiss.store\/lt\/wp-json\/wp\/v2\/media?parent=4304"}],"curies":[{"name":"wp","href":"https:\/\/api.w.org\/{rel}","templated":true}]}}