{"id":4311,"date":"2022-03-26T17:18:27","date_gmt":"2022-03-26T15:18:27","guid":{"rendered":"https:\/\/maukiss.store\/maukiss-dizainai\/"},"modified":"2023-02-14T00:00:30","modified_gmt":"2023-02-13T22:00:30","slug":"maukiss-dizainai","status":"publish","type":"page","link":"https:\/\/maukiss.store\/lt\/maukiss-dizainai\/","title":{"rendered":"Maukiss dizainai"},"content":{"rendered":"\t\t<div data-elementor-type=\"wp-page\" data-elementor-id=\"4311\" class=\"elementor elementor-4311\">\n\t\t\t\t\t\t<div class=\"elementor-inner\">\n\t\t\t\t<div class=\"elementor-section-wrap\">\n\t\t\t\t\t\t\t\t\t<section class=\"elementor-section elementor-top-section elementor-element elementor-element-5f074e0 elementor-section-boxed elementor-section-height-default elementor-section-height-default\" data-id=\"5f074e0\" data-element_type=\"section\">\n\t\t\t\t\t\t<div class=\"elementor-container elementor-column-gap-no\">\n\t\t\t\t\t\t\t<div class=\"elementor-row\">\n\t\t\t\t\t<div class=\"elementor-column elementor-col-50 elementor-top-column elementor-element elementor-element-519349f\" data-id=\"519349f\" data-element_type=\"column\">\n\t\t\t<div class=\"elementor-column-wrap elementor-element-populated\">\n\t\t\t\t\t\t\t<div class=\"elementor-widget-wrap\">\n\t\t\t\t\t\t<div class=\"elementor-element elementor-element-ec5356c elementor-widget elementor-widget-image\" data-id=\"ec5356c\" data-element_type=\"widget\" data-widget_type=\"image.default\">\n\t\t\t\t<div class=\"elementor-widget-container\">\n\t\t\t\t\t\t\t\t<div class=\"elementor-image\">\n\t\t\t\t\t\t\t\t\t\t\t\t<img loading=\"lazy\" decoding=\"async\" width=\"640\" height=\"791\" src=\"https:\/\/maukiss.store\/wp-content\/uploads\/2022\/04\/IMG_5780-828x1024.jpg\" class=\"attachment-large size-large\" alt=\"\" srcset=\"https:\/\/maukiss.store\/wp-content\/uploads\/2022\/04\/IMG_5780-828x1024.jpg 828w, https:\/\/maukiss.store\/wp-content\/uploads\/2022\/04\/IMG_5780-243x300.jpg 243w, https:\/\/maukiss.store\/wp-content\/uploads\/2022\/04\/IMG_5780-768x950.jpg 768w, https:\/\/maukiss.store\/wp-content\/uploads\/2022\/04\/IMG_5780-1242x1536.jpg 1242w, https:\/\/maukiss.store\/wp-content\/uploads\/2022\/04\/IMG_5780-937x1159.jpg 937w, https:\/\/maukiss.store\/wp-content\/uploads\/2022\/04\/IMG_5780-80x100.jpg 80w, https:\/\/maukiss.store\/wp-content\/uploads\/2022\/04\/IMG_5780.jpg 1284w\" sizes=\"auto, (max-width: 640px) 100vw, 640px\" \/>\t\t\t\t\t\t\t\t\t\t\t\t\t\t<\/div>\n\t\t\t\t\t\t<\/div>\n\t\t\t\t<\/div>\n\t\t\t\t<div class=\"elementor-element elementor-element-b310e43 elementor-widget elementor-widget-image\" data-id=\"b310e43\" data-element_type=\"widget\" data-widget_type=\"image.default\">\n\t\t\t\t<div class=\"elementor-widget-container\">\n\t\t\t\t\t\t\t\t<div class=\"elementor-image\">\n\t\t\t\t\t\t\t\t\t\t\t\t<img loading=\"lazy\" decoding=\"async\" width=\"640\" height=\"784\" src=\"https:\/\/maukiss.store\/wp-content\/uploads\/2022\/04\/IMG_5781-836x1024.jpg\" class=\"attachment-large size-large\" alt=\"\" srcset=\"https:\/\/maukiss.store\/wp-content\/uploads\/2022\/04\/IMG_5781-836x1024.jpg 836w, https:\/\/maukiss.store\/wp-content\/uploads\/2022\/04\/IMG_5781-245x300.jpg 245w, https:\/\/maukiss.store\/wp-content\/uploads\/2022\/04\/IMG_5781-768x940.jpg 768w, https:\/\/maukiss.store\/wp-content\/uploads\/2022\/04\/IMG_5781-1255x1536.jpg 1255w, https:\/\/maukiss.store\/wp-content\/uploads\/2022\/04\/IMG_5781-937x1147.jpg 937w, https:\/\/maukiss.store\/wp-content\/uploads\/2022\/04\/IMG_5781.jpg 1284w\" sizes=\"auto, (max-width: 640px) 100vw, 640px\" \/>\t\t\t\t\t\t\t\t\t\t\t\t\t\t<\/div>\n\t\t\t\t\t\t<\/div>\n\t\t\t\t<\/div>\n\t\t\t\t<div class=\"elementor-element elementor-element-e086870 elementor-widget elementor-widget-image\" data-id=\"e086870\" data-element_type=\"widget\" data-widget_type=\"image.default\">\n\t\t\t\t<div class=\"elementor-widget-container\">\n\t\t\t\t\t\t\t\t<div class=\"elementor-image\">\n\t\t\t\t\t\t\t\t\t\t\t\t<img loading=\"lazy\" decoding=\"async\" width=\"640\" height=\"795\" src=\"https:\/\/maukiss.store\/wp-content\/uploads\/2022\/04\/IMG_5779-824x1024.jpg\" class=\"attachment-large size-large\" alt=\"\" srcset=\"https:\/\/maukiss.store\/wp-content\/uploads\/2022\/04\/IMG_5779-824x1024.jpg 824w, https:\/\/maukiss.store\/wp-content\/uploads\/2022\/04\/IMG_5779-241x300.jpg 241w, https:\/\/maukiss.store\/wp-content\/uploads\/2022\/04\/IMG_5779-768x955.jpg 768w, https:\/\/maukiss.store\/wp-content\/uploads\/2022\/04\/IMG_5779-1236x1536.jpg 1236w, https:\/\/maukiss.store\/wp-content\/uploads\/2022\/04\/IMG_5779-937x1165.jpg 937w, https:\/\/maukiss.store\/wp-content\/uploads\/2022\/04\/IMG_5779-80x100.jpg 80w, https:\/\/maukiss.store\/wp-content\/uploads\/2022\/04\/IMG_5779-160x200.jpg 160w, https:\/\/maukiss.store\/wp-content\/uploads\/2022\/04\/IMG_5779.jpg 1284w\" sizes=\"auto, (max-width: 640px) 100vw, 640px\" \/>\t\t\t\t\t\t\t\t\t\t\t\t\t\t<\/div>\n\t\t\t\t\t\t<\/div>\n\t\t\t\t<\/div>\n\t\t\t\t<div class=\"elementor-element elementor-element-ba8fd74 elementor-widget elementor-widget-image\" data-id=\"ba8fd74\" data-element_type=\"widget\" data-widget_type=\"image.default\">\n\t\t\t\t<div class=\"elementor-widget-container\">\n\t\t\t\t\t\t\t\t<div class=\"elementor-image\">\n\t\t\t\t\t\t\t\t\t\t\t\t<img loading=\"lazy\" decoding=\"async\" width=\"897\" height=\"1280\" src=\"https:\/\/maukiss.store\/wp-content\/uploads\/2021\/11\/DSC07759-Edit.jpg\" class=\"attachment-full size-full\" alt=\"\" srcset=\"https:\/\/maukiss.store\/wp-content\/uploads\/2021\/11\/DSC07759-Edit.jpg 897w, https:\/\/maukiss.store\/wp-content\/uploads\/2021\/11\/DSC07759-Edit-210x300.jpg 210w, https:\/\/maukiss.store\/wp-content\/uploads\/2021\/11\/DSC07759-Edit-718x1024.jpg 718w, https:\/\/maukiss.store\/wp-content\/uploads\/2021\/11\/DSC07759-Edit-768x1096.jpg 768w\" sizes=\"auto, (max-width: 897px) 100vw, 897px\" \/>\t\t\t\t\t\t\t\t\t\t\t\t\t\t<\/div>\n\t\t\t\t\t\t<\/div>\n\t\t\t\t<\/div>\n\t\t\t\t<div class=\"elementor-element elementor-element-4f70bf2 elementor-widget elementor-widget-image\" data-id=\"4f70bf2\" data-element_type=\"widget\" data-widget_type=\"image.default\">\n\t\t\t\t<div class=\"elementor-widget-container\">\n\t\t\t\t\t\t\t\t<div class=\"elementor-image\">\n\t\t\t\t\t\t\t\t\t\t\t\t<img loading=\"lazy\" decoding=\"async\" width=\"1345\" height=\"1920\" src=\"https:\/\/maukiss.store\/wp-content\/uploads\/2021\/11\/sinner-front.jpg\" class=\"attachment-full size-full\" alt=\"\" srcset=\"https:\/\/maukiss.store\/wp-content\/uploads\/2021\/11\/sinner-front.jpg 1345w, https:\/\/maukiss.store\/wp-content\/uploads\/2021\/11\/sinner-front-210x300.jpg 210w, https:\/\/maukiss.store\/wp-content\/uploads\/2021\/11\/sinner-front-717x1024.jpg 717w, https:\/\/maukiss.store\/wp-content\/uploads\/2021\/11\/sinner-front-768x1096.jpg 768w, https:\/\/maukiss.store\/wp-content\/uploads\/2021\/11\/sinner-front-1076x1536.jpg 1076w, https:\/\/maukiss.store\/wp-content\/uploads\/2021\/11\/sinner-front-937x1338.jpg 937w\" sizes=\"auto, (max-width: 1345px) 100vw, 1345px\" \/>\t\t\t\t\t\t\t\t\t\t\t\t\t\t<\/div>\n\t\t\t\t\t\t<\/div>\n\t\t\t\t<\/div>\n\t\t\t\t<div class=\"elementor-element elementor-element-93cf1a0 elementor-widget elementor-widget-image\" data-id=\"93cf1a0\" data-element_type=\"widget\" data-widget_type=\"image.default\">\n\t\t\t\t<div class=\"elementor-widget-container\">\n\t\t\t\t\t\t\t\t<div class=\"elementor-image\">\n\t\t\t\t\t\t\t\t\t\t\t\t<img loading=\"lazy\" decoding=\"async\" width=\"853\" height=\"1280\" src=\"https:\/\/maukiss.store\/wp-content\/uploads\/2021\/11\/DSC07947-Recovered.jpg\" class=\"attachment-full size-full\" alt=\"\" srcset=\"https:\/\/maukiss.store\/wp-content\/uploads\/2021\/11\/DSC07947-Recovered.jpg 853w, https:\/\/maukiss.store\/wp-content\/uploads\/2021\/11\/DSC07947-Recovered-200x300.jpg 200w, https:\/\/maukiss.store\/wp-content\/uploads\/2021\/11\/DSC07947-Recovered-682x1024.jpg 682w, https:\/\/maukiss.store\/wp-content\/uploads\/2021\/11\/DSC07947-Recovered-768x1152.jpg 768w\" sizes=\"auto, (max-width: 853px) 100vw, 853px\" \/>\t\t\t\t\t\t\t\t\t\t\t\t\t\t<\/div>\n\t\t\t\t\t\t<\/div>\n\t\t\t\t<\/div>\n\t\t\t\t<div class=\"elementor-element elementor-element-7708868 elementor-widget elementor-widget-image\" data-id=\"7708868\" data-element_type=\"widget\" data-widget_type=\"image.default\">\n\t\t\t\t<div class=\"elementor-widget-container\">\n\t\t\t\t\t\t\t\t<div class=\"elementor-image\">\n\t\t\t\t\t\t\t\t\t\t\t\t<img loading=\"lazy\" decoding=\"async\" width=\"927\" height=\"1280\" src=\"https:\/\/maukiss.store\/wp-content\/uploads\/2021\/12\/DSC06898-Edit.jpg\" class=\"attachment-full size-full\" alt=\"\" srcset=\"https:\/\/maukiss.store\/wp-content\/uploads\/2021\/12\/DSC06898-Edit.jpg 927w, https:\/\/maukiss.store\/wp-content\/uploads\/2021\/12\/DSC06898-Edit-217x300.jpg 217w, https:\/\/maukiss.store\/wp-content\/uploads\/2021\/12\/DSC06898-Edit-742x1024.jpg 742w, https:\/\/maukiss.store\/wp-content\/uploads\/2021\/12\/DSC06898-Edit-768x1060.jpg 768w\" sizes=\"auto, (max-width: 927px) 100vw, 927px\" \/>\t\t\t\t\t\t\t\t\t\t\t\t\t\t<\/div>\n\t\t\t\t\t\t<\/div>\n\t\t\t\t<\/div>\n\t\t\t\t<div class=\"elementor-element elementor-element-792971b elementor-widget elementor-widget-image\" data-id=\"792971b\" data-element_type=\"widget\" data-widget_type=\"image.default\">\n\t\t\t\t<div class=\"elementor-widget-container\">\n\t\t\t\t\t\t\t\t<div class=\"elementor-image\">\n\t\t\t\t\t\t\t\t\t\t\t\t<img loading=\"lazy\" decoding=\"async\" width=\"929\" height=\"1280\" src=\"https:\/\/maukiss.store\/wp-content\/uploads\/2021\/12\/DSC06929-Edit-copy-2.jpg\" class=\"attachment-full size-full\" alt=\"\" srcset=\"https:\/\/maukiss.store\/wp-content\/uploads\/2021\/12\/DSC06929-Edit-copy-2.jpg 929w, https:\/\/maukiss.store\/wp-content\/uploads\/2021\/12\/DSC06929-Edit-copy-2-218x300.jpg 218w, https:\/\/maukiss.store\/wp-content\/uploads\/2021\/12\/DSC06929-Edit-copy-2-743x1024.jpg 743w, https:\/\/maukiss.store\/wp-content\/uploads\/2021\/12\/DSC06929-Edit-copy-2-768x1058.jpg 768w\" sizes=\"auto, (max-width: 929px) 100vw, 929px\" \/>\t\t\t\t\t\t\t\t\t\t\t\t\t\t<\/div>\n\t\t\t\t\t\t<\/div>\n\t\t\t\t<\/div>\n\t\t\t\t\t\t<\/div>\n\t\t\t\t\t<\/div>\n\t\t<\/div>\n\t\t\t\t<div class=\"elementor-column elementor-col-50 elementor-top-column elementor-element elementor-element-f9615a9\" data-id=\"f9615a9\" data-element_type=\"column\">\n\t\t\t<div class=\"elementor-column-wrap elementor-element-populated\">\n\t\t\t\t\t\t\t<div class=\"elementor-widget-wrap\">\n\t\t\t\t\t\t<div class=\"elementor-element elementor-element-7c96d20 elementor-widget-tablet__width-initial elementor-widget__width-initial elementor-hidden-mobile elementor-widget elementor-widget-heading\" data-id=\"7c96d20\" data-element_type=\"widget\" data-widget_type=\"heading.default\">\n\t\t\t\t<div class=\"elementor-widget-container\">\n\t\t\t<h2 class=\"elementor-heading-title elementor-size-small\"><H2> MAUKISS INDIVIDUAL\u016aS<BR>DRABU\u017dI\u0172 DIZAINAI<\/H2><\/BR\n<BR><SPAN DATA-ELEMENTOR-SETTING-KEY=\"TITLE\" DATA-PEN-PLACEHOLDER=\"TYPE HERE...\">MAUKISS KURIA \u012eVAIZD\u017dI\u0172 DIZAINUS PAGAL KLIENT\u0172 NORUS IR ID\u0116JAS.<\/SPAN><BR><BR>MES SPECIALIZUOJAM\u0116S KOSTIUM\u0172 IR PROGINI\u0172 R\u016aB\u0172 K\u016aRIME BEI SIUVIME.<\/SPAN><BR><BR>\nVISI INDIVIDUAL\u016aS U\u017dSAKYMAI GAMINAMI LIETUVOJE, KIEKVIENA DALIS YRA RANK\u0172 DARBO. <\/SPAN><BR><BR>KIEKVIENAS \u012eVAIZDIS TURI KELIS K\u016aRYBOS ETAPUS. M\u016aS\u0172 KLIENTAI PASIRENKA KONSULTACIJ\u0172 IR PRIMATAVIM\u0172 DATAS. <BR><BR>REKOMENDUOJAME REZERVUOTI SUSITIKIMO LAIK\u0104 LIKUS <BR>2-3 M\u0116NESIAMS IKI PROGOS.<BR><BR><BR>\n<\/h2>\t\t<\/div>\n\t\t\t\t<\/div>\n\t\t\t\t\t\t<\/div>\n\t\t\t\t\t<\/div>\n\t\t<\/div>\n\t\t\t\t\t\t\t\t<\/div>\n\t\t\t\t\t<\/div>\n\t\t<\/section>\n\t\t\t\t\t\t\t\t\t<\/div>\n\t\t\t<\/div>\n\t\t\t\t\t<\/div>\n\t\t","protected":false},"excerpt":{"rendered":"<p>MAUKISS INDIVIDUAL\u016aSDRABU\u017dI\u0172 DIZAINAI<\/p>\n","protected":false},"author":5,"featured_media":0,"parent":0,"menu_order":0,"comment_status":"closed","ping_status":"closed","template":"templates\/homepage.php","meta":{"footnotes":""},"class_list":["post-4311","page","type-page","status-publish","hentry"],"acf":[],"yoast_head":"<!-- This site is optimized with the Yoast SEO plugin v19.5.1 - https:\/\/yoast.com\/wordpress\/plugins\/seo\/ -->\n<title>Maukiss dizainai - MauKiss<\/title>\n<meta name=\"robots\" content=\"index, follow, max-snippet:-1, max-image-preview:large, max-video-preview:-1\" \/>\n<link rel=\"canonical\" href=\"https:\/\/maukiss.store\/maukiss-dizainai\/\" \/>\n<meta property=\"og:locale\" content=\"lt_LT\" \/>\n<meta property=\"og:type\" content=\"article\" \/>\n<meta property=\"og:title\" content=\"Maukiss dizainai - MauKiss\" \/>\n<meta property=\"og:description\" content=\"MAUKISS INDIVIDUAL\u016aSDRABU\u017dI\u0172 DIZAINAI\" \/>\n<meta property=\"og:url\" content=\"https:\/\/maukiss.store\/maukiss-dizainai\/\" \/>\n<meta property=\"og:site_name\" content=\"MauKiss\" \/>\n<meta property=\"article:publisher\" content=\"https:\/\/www.facebook.com\/Maukissofficial\" \/>\n<meta property=\"article:modified_time\" content=\"2023-02-13T22:00:30+00:00\" \/>\n<meta property=\"og:image\" content=\"https:\/\/maukiss.store\/wp-content\/uploads\/2022\/04\/IMG_5780-828x1024.jpg\" \/>\n<meta name=\"twitter:card\" content=\"summary_large_image\" \/>\n<meta name=\"twitter:label1\" content=\"Est. reading time\" \/>\n\t<meta name=\"twitter:data1\" content=\"2 minut\u0117s\" \/>\n<script type=\"application\/ld+json\" class=\"yoast-schema-graph\">{\"@context\":\"https:\/\/schema.org\",\"@graph\":[{\"@type\":\"WebPage\",\"@id\":\"https:\/\/maukiss.store\/maukiss-dizainai\/\",\"url\":\"https:\/\/maukiss.store\/maukiss-dizainai\/\",\"name\":\"Maukiss dizainai - MauKiss\",\"isPartOf\":{\"@id\":\"https:\/\/maukiss.store\/#website\"},\"datePublished\":\"2022-03-26T15:18:27+00:00\",\"dateModified\":\"2023-02-13T22:00:30+00:00\",\"breadcrumb\":{\"@id\":\"https:\/\/maukiss.store\/maukiss-dizainai\/#breadcrumb\"},\"inLanguage\":\"lt-LT\",\"potentialAction\":[{\"@type\":\"ReadAction\",\"target\":[\"https:\/\/maukiss.store\/maukiss-dizainai\/\"]}]},{\"@type\":\"BreadcrumbList\",\"@id\":\"https:\/\/maukiss.store\/maukiss-dizainai\/#breadcrumb\",\"itemListElement\":[{\"@type\":\"ListItem\",\"position\":1,\"name\":\"Home\",\"item\":\"https:\/\/maukiss.store\/\"},{\"@type\":\"ListItem\",\"position\":2,\"name\":\"Maukiss dizainai\"}]},{\"@type\":\"WebSite\",\"@id\":\"https:\/\/maukiss.store\/#website\",\"url\":\"https:\/\/maukiss.store\/\",\"name\":\"MauKiss\",\"description\":\"Show your true self\",\"publisher\":{\"@id\":\"https:\/\/maukiss.store\/#organization\"},\"potentialAction\":[{\"@type\":\"SearchAction\",\"target\":{\"@type\":\"EntryPoint\",\"urlTemplate\":\"https:\/\/maukiss.store\/?s={search_term_string}\"},\"query-input\":\"required name=search_term_string\"}],\"inLanguage\":\"lt-LT\"},{\"@type\":\"Organization\",\"@id\":\"https:\/\/maukiss.store\/#organization\",\"name\":\"MauKiss\",\"url\":\"https:\/\/maukiss.store\/\",\"sameAs\":[\"https:\/\/www.instagram.com\/maukiss_official\/\",\"https:\/\/www.facebook.com\/Maukissofficial\"],\"logo\":{\"@type\":\"ImageObject\",\"inLanguage\":\"lt-LT\",\"@id\":\"https:\/\/maukiss.store\/#\/schema\/logo\/image\/\",\"url\":\"https:\/\/maukiss.store\/wp-content\/uploads\/2021\/02\/180X180-e1614016205173.png\",\"contentUrl\":\"https:\/\/maukiss.store\/wp-content\/uploads\/2021\/02\/180X180-e1614016205173.png\",\"width\":180,\"height\":92,\"caption\":\"MauKiss\"},\"image\":{\"@id\":\"https:\/\/maukiss.store\/#\/schema\/logo\/image\/\"}}]}<\/script>\n<!-- \/ Yoast SEO plugin. -->","yoast_head_json":{"title":"Maukiss dizainai - MauKiss","robots":{"index":"index","follow":"follow","max-snippet":"max-snippet:-1","max-image-preview":"max-image-preview:large","max-video-preview":"max-video-preview:-1"},"canonical":"https:\/\/maukiss.store\/maukiss-dizainai\/","og_locale":"lt_LT","og_type":"article","og_title":"Maukiss dizainai - MauKiss","og_description":"MAUKISS INDIVIDUAL\u016aSDRABU\u017dI\u0172 DIZAINAI","og_url":"https:\/\/maukiss.store\/maukiss-dizainai\/","og_site_name":"MauKiss","article_publisher":"https:\/\/www.facebook.com\/Maukissofficial","article_modified_time":"2023-02-13T22:00:30+00:00","og_image":[{"url":"https:\/\/maukiss.store\/wp-content\/uploads\/2022\/04\/IMG_5780-828x1024.jpg"}],"twitter_card":"summary_large_image","twitter_misc":{"Est. reading time":"2 minut\u0117s"},"schema":{"@context":"https:\/\/schema.org","@graph":[{"@type":"WebPage","@id":"https:\/\/maukiss.store\/maukiss-dizainai\/","url":"https:\/\/maukiss.store\/maukiss-dizainai\/","name":"Maukiss dizainai - MauKiss","isPartOf":{"@id":"https:\/\/maukiss.store\/#website"},"datePublished":"2022-03-26T15:18:27+00:00","dateModified":"2023-02-13T22:00:30+00:00","breadcrumb":{"@id":"https:\/\/maukiss.store\/maukiss-dizainai\/#breadcrumb"},"inLanguage":"lt-LT","potentialAction":[{"@type":"ReadAction","target":["https:\/\/maukiss.store\/maukiss-dizainai\/"]}]},{"@type":"BreadcrumbList","@id":"https:\/\/maukiss.store\/maukiss-dizainai\/#breadcrumb","itemListElement":[{"@type":"ListItem","position":1,"name":"Home","item":"https:\/\/maukiss.store\/"},{"@type":"ListItem","position":2,"name":"Maukiss dizainai"}]},{"@type":"WebSite","@id":"https:\/\/maukiss.store\/#website","url":"https:\/\/maukiss.store\/","name":"MauKiss","description":"Show your true self","publisher":{"@id":"https:\/\/maukiss.store\/#organization"},"potentialAction":[{"@type":"SearchAction","target":{"@type":"EntryPoint","urlTemplate":"https:\/\/maukiss.store\/?s={search_term_string}"},"query-input":"required name=search_term_string"}],"inLanguage":"lt-LT"},{"@type":"Organization","@id":"https:\/\/maukiss.store\/#organization","name":"MauKiss","url":"https:\/\/maukiss.store\/","sameAs":["https:\/\/www.instagram.com\/maukiss_official\/","https:\/\/www.facebook.com\/Maukissofficial"],"logo":{"@type":"ImageObject","inLanguage":"lt-LT","@id":"https:\/\/maukiss.store\/#\/schema\/logo\/image\/","url":"https:\/\/maukiss.store\/wp-content\/uploads\/2021\/02\/180X180-e1614016205173.png","contentUrl":"https:\/\/maukiss.store\/wp-content\/uploads\/2021\/02\/180X180-e1614016205173.png","width":180,"height":92,"caption":"MauKiss"},"image":{"@id":"https:\/\/maukiss.store\/#\/schema\/logo\/image\/"}}]}},"_links":{"self":[{"href":"https:\/\/maukiss.store\/lt\/wp-json\/wp\/v2\/pages\/4311","targetHints":{"allow":["GET"]}}],"collection":[{"href":"https:\/\/maukiss.store\/lt\/wp-json\/wp\/v2\/pages"}],"about":[{"href":"https:\/\/maukiss.store\/lt\/wp-json\/wp\/v2\/types\/page"}],"author":[{"embeddable":true,"href":"https:\/\/maukiss.store\/lt\/wp-json\/wp\/v2\/users\/5"}],"replies":[{"embeddable":true,"href":"https:\/\/maukiss.store\/lt\/wp-json\/wp\/v2\/comments?post=4311"}],"version-history":[{"count":17,"href":"https:\/\/maukiss.store\/lt\/wp-json\/wp\/v2\/pages\/4311\/revisions"}],"predecessor-version":[{"id":5184,"href":"https:\/\/maukiss.store\/lt\/wp-json\/wp\/v2\/pages\/4311\/revisions\/5184"}],"wp:attachment":[{"href":"https:\/\/maukiss.store\/lt\/wp-json\/wp\/v2\/media?parent=4311"}],"curies":[{"name":"wp","href":"https:\/\/api.w.org\/{rel}","templated":true}]}}