{"id":4220,"date":"2021-12-01T20:32:46","date_gmt":"2021-12-20T12:41:47","guid":{"rendered":"https:\/\/maukiss.store\/shop\/be-kategorijos\/maukiss-prisegamos-gipurines-kojines\/"},"modified":"2023-02-23T21:49:47","modified_gmt":"2023-02-23T19:49:47","slug":"maukiss-prisegamos-gipiurines-kojines","status":"publish","type":"product","link":"https:\/\/maukiss.store\/lt\/shop-2\/kelnes\/maukiss-prisegamos-gipiurines-kojines\/","title":{"rendered":"Prisegamos gipi\u016brin\u0117s kojin\u0117s"},"content":{"rendered":"<p>Prisegamos gipi\u016brin\u0117s kojin\u0117s gali b\u016bti segamos prie bet koki\u0173 \u0161ort\u0173 ar sijon\u0173.<\/p>\n<p style=\"font-weight: 400;\">Gaminama pagal poreik\u012f, puosel\u0117jant gamt\u0105 Gamyba u\u017etrunka 7-14 dien\u0173.<\/p>\n","protected":false},"excerpt":{"rendered":"<p>MAUKISS \u017dIEMOS 2021 \u2018SAINTS&amp;SINNERS\u2019 KOLEKCIJOS PRISEGAMOS GIPI\u016aRIN\u0116S KOJIN\u0116S.<\/p>\n","protected":false},"featured_media":4139,"comment_status":"open","ping_status":"closed","template":"","meta":[],"product_brand":[],"product_cat":[103],"product_tag":[144],"class_list":{"0":"post-4220","1":"product","2":"type-product","3":"status-publish","4":"has-post-thumbnail","6":"product_cat-kelnes","7":"product_tag-saints-sinners","9":"first","10":"instock","11":"shipping-taxable","12":"purchasable","13":"product-type-simple","14":"layout-style-1","15":"col-md-4 col-sm-4 col-xs-6","16":"col-lg-3","17":"product-style-default"},"acf":[],"yoast_head":"<!-- This site is optimized with the Yoast SEO plugin v19.5.1 - https:\/\/yoast.com\/wordpress\/plugins\/seo\/ -->\n<title>Prisegamos gipi\u016brin\u0117s kojin\u0117s - MauKiss<\/title>\n<meta name=\"robots\" content=\"index, follow, max-snippet:-1, max-image-preview:large, max-video-preview:-1\" \/>\n<link rel=\"canonical\" href=\"https:\/\/maukiss.store\/shop-2\/kelnes\/maukiss-prisegamos-gipiurines-kojines\/\" \/>\n<meta property=\"og:locale\" content=\"lt_LT\" \/>\n<meta property=\"og:type\" content=\"article\" \/>\n<meta property=\"og:title\" content=\"Prisegamos gipi\u016brin\u0117s kojin\u0117s - MauKiss\" \/>\n<meta property=\"og:description\" content=\"MAUKISS \u017dIEMOS 2021 \u2018SAINTS&amp;SINNERS\u2019 KOLEKCIJOS PRISEGAMOS GIPI\u016aRIN\u0116S KOJIN\u0116S.\" \/>\n<meta property=\"og:url\" content=\"https:\/\/maukiss.store\/shop-2\/kelnes\/maukiss-prisegamos-gipiurines-kojines\/\" \/>\n<meta property=\"og:site_name\" content=\"MauKiss\" \/>\n<meta property=\"article:publisher\" content=\"https:\/\/www.facebook.com\/Maukissofficial\" \/>\n<meta property=\"article:modified_time\" content=\"2023-02-23T19:49:47+00:00\" \/>\n<meta property=\"og:image\" content=\"https:\/\/maukiss.store\/wp-content\/uploads\/2021\/12\/DSC06929-Edit-copy-2.jpg\" \/>\n\t<meta property=\"og:image:width\" content=\"929\" \/>\n\t<meta property=\"og:image:height\" content=\"1280\" \/>\n\t<meta property=\"og:image:type\" content=\"image\/jpeg\" \/>\n<meta name=\"twitter:card\" content=\"summary_large_image\" \/>\n<script type=\"application\/ld+json\" class=\"yoast-schema-graph\">{\"@context\":\"https:\/\/schema.org\",\"@graph\":[{\"@type\":\"WebPage\",\"@id\":\"https:\/\/maukiss.store\/shop-2\/kelnes\/maukiss-prisegamos-gipiurines-kojines\/\",\"url\":\"https:\/\/maukiss.store\/shop-2\/kelnes\/maukiss-prisegamos-gipiurines-kojines\/\",\"name\":\"Prisegamos gipi\u016brin\u0117s kojin\u0117s - MauKiss\",\"isPartOf\":{\"@id\":\"https:\/\/maukiss.store\/#website\"},\"datePublished\":\"2021-12-20T12:41:47+00:00\",\"dateModified\":\"2023-02-23T19:49:47+00:00\",\"breadcrumb\":{\"@id\":\"https:\/\/maukiss.store\/shop-2\/kelnes\/maukiss-prisegamos-gipiurines-kojines\/#breadcrumb\"},\"inLanguage\":\"lt-LT\",\"potentialAction\":[{\"@type\":\"ReadAction\",\"target\":[\"https:\/\/maukiss.store\/shop-2\/kelnes\/maukiss-prisegamos-gipiurines-kojines\/\"]}]},{\"@type\":\"BreadcrumbList\",\"@id\":\"https:\/\/maukiss.store\/shop-2\/kelnes\/maukiss-prisegamos-gipiurines-kojines\/#breadcrumb\",\"itemListElement\":[{\"@type\":\"ListItem\",\"position\":1,\"name\":\"Home\",\"item\":\"https:\/\/maukiss.store\/\"},{\"@type\":\"ListItem\",\"position\":2,\"name\":\"Shop\",\"item\":\"https:\/\/maukiss.store\/shop\/\"},{\"@type\":\"ListItem\",\"position\":3,\"name\":\"Prisegamos gipi\u016brin\u0117s kojin\u0117s\"}]},{\"@type\":\"WebSite\",\"@id\":\"https:\/\/maukiss.store\/#website\",\"url\":\"https:\/\/maukiss.store\/\",\"name\":\"MauKiss\",\"description\":\"Show your true self\",\"publisher\":{\"@id\":\"https:\/\/maukiss.store\/#organization\"},\"potentialAction\":[{\"@type\":\"SearchAction\",\"target\":{\"@type\":\"EntryPoint\",\"urlTemplate\":\"https:\/\/maukiss.store\/?s={search_term_string}\"},\"query-input\":\"required name=search_term_string\"}],\"inLanguage\":\"lt-LT\"},{\"@type\":\"Organization\",\"@id\":\"https:\/\/maukiss.store\/#organization\",\"name\":\"MauKiss\",\"url\":\"https:\/\/maukiss.store\/\",\"sameAs\":[\"https:\/\/www.instagram.com\/maukiss_official\/\",\"https:\/\/www.facebook.com\/Maukissofficial\"],\"logo\":{\"@type\":\"ImageObject\",\"inLanguage\":\"lt-LT\",\"@id\":\"https:\/\/maukiss.store\/#\/schema\/logo\/image\/\",\"url\":\"https:\/\/maukiss.store\/wp-content\/uploads\/2021\/02\/180X180-e1614016205173.png\",\"contentUrl\":\"https:\/\/maukiss.store\/wp-content\/uploads\/2021\/02\/180X180-e1614016205173.png\",\"width\":180,\"height\":92,\"caption\":\"MauKiss\"},\"image\":{\"@id\":\"https:\/\/maukiss.store\/#\/schema\/logo\/image\/\"}}]}<\/script>\n<!-- \/ Yoast SEO plugin. -->","yoast_head_json":{"title":"Prisegamos gipi\u016brin\u0117s kojin\u0117s - MauKiss","robots":{"index":"index","follow":"follow","max-snippet":"max-snippet:-1","max-image-preview":"max-image-preview:large","max-video-preview":"max-video-preview:-1"},"canonical":"https:\/\/maukiss.store\/shop-2\/kelnes\/maukiss-prisegamos-gipiurines-kojines\/","og_locale":"lt_LT","og_type":"article","og_title":"Prisegamos gipi\u016brin\u0117s kojin\u0117s - MauKiss","og_description":"MAUKISS \u017dIEMOS 2021 \u2018SAINTS&amp;SINNERS\u2019 KOLEKCIJOS PRISEGAMOS GIPI\u016aRIN\u0116S KOJIN\u0116S.","og_url":"https:\/\/maukiss.store\/shop-2\/kelnes\/maukiss-prisegamos-gipiurines-kojines\/","og_site_name":"MauKiss","article_publisher":"https:\/\/www.facebook.com\/Maukissofficial","article_modified_time":"2023-02-23T19:49:47+00:00","og_image":[{"width":929,"height":1280,"url":"https:\/\/maukiss.store\/wp-content\/uploads\/2021\/12\/DSC06929-Edit-copy-2.jpg","type":"image\/jpeg"}],"twitter_card":"summary_large_image","schema":{"@context":"https:\/\/schema.org","@graph":[{"@type":"WebPage","@id":"https:\/\/maukiss.store\/shop-2\/kelnes\/maukiss-prisegamos-gipiurines-kojines\/","url":"https:\/\/maukiss.store\/shop-2\/kelnes\/maukiss-prisegamos-gipiurines-kojines\/","name":"Prisegamos gipi\u016brin\u0117s kojin\u0117s - MauKiss","isPartOf":{"@id":"https:\/\/maukiss.store\/#website"},"datePublished":"2021-12-20T12:41:47+00:00","dateModified":"2023-02-23T19:49:47+00:00","breadcrumb":{"@id":"https:\/\/maukiss.store\/shop-2\/kelnes\/maukiss-prisegamos-gipiurines-kojines\/#breadcrumb"},"inLanguage":"lt-LT","potentialAction":[{"@type":"ReadAction","target":["https:\/\/maukiss.store\/shop-2\/kelnes\/maukiss-prisegamos-gipiurines-kojines\/"]}]},{"@type":"BreadcrumbList","@id":"https:\/\/maukiss.store\/shop-2\/kelnes\/maukiss-prisegamos-gipiurines-kojines\/#breadcrumb","itemListElement":[{"@type":"ListItem","position":1,"name":"Home","item":"https:\/\/maukiss.store\/"},{"@type":"ListItem","position":2,"name":"Shop","item":"https:\/\/maukiss.store\/shop\/"},{"@type":"ListItem","position":3,"name":"Prisegamos gipi\u016brin\u0117s kojin\u0117s"}]},{"@type":"WebSite","@id":"https:\/\/maukiss.store\/#website","url":"https:\/\/maukiss.store\/","name":"MauKiss","description":"Show your true self","publisher":{"@id":"https:\/\/maukiss.store\/#organization"},"potentialAction":[{"@type":"SearchAction","target":{"@type":"EntryPoint","urlTemplate":"https:\/\/maukiss.store\/?s={search_term_string}"},"query-input":"required name=search_term_string"}],"inLanguage":"lt-LT"},{"@type":"Organization","@id":"https:\/\/maukiss.store\/#organization","name":"MauKiss","url":"https:\/\/maukiss.store\/","sameAs":["https:\/\/www.instagram.com\/maukiss_official\/","https:\/\/www.facebook.com\/Maukissofficial"],"logo":{"@type":"ImageObject","inLanguage":"lt-LT","@id":"https:\/\/maukiss.store\/#\/schema\/logo\/image\/","url":"https:\/\/maukiss.store\/wp-content\/uploads\/2021\/02\/180X180-e1614016205173.png","contentUrl":"https:\/\/maukiss.store\/wp-content\/uploads\/2021\/02\/180X180-e1614016205173.png","width":180,"height":92,"caption":"MauKiss"},"image":{"@id":"https:\/\/maukiss.store\/#\/schema\/logo\/image\/"}}]}},"_links":{"self":[{"href":"https:\/\/maukiss.store\/lt\/wp-json\/wp\/v2\/product\/4220","targetHints":{"allow":["GET"]}}],"collection":[{"href":"https:\/\/maukiss.store\/lt\/wp-json\/wp\/v2\/product"}],"about":[{"href":"https:\/\/maukiss.store\/lt\/wp-json\/wp\/v2\/types\/product"}],"replies":[{"embeddable":true,"href":"https:\/\/maukiss.store\/lt\/wp-json\/wp\/v2\/comments?post=4220"}],"wp:featuredmedia":[{"embeddable":true,"href":"https:\/\/maukiss.store\/lt\/wp-json\/wp\/v2\/media\/4139"}],"wp:attachment":[{"href":"https:\/\/maukiss.store\/lt\/wp-json\/wp\/v2\/media?parent=4220"}],"wp:term":[{"taxonomy":"product_brand","embeddable":true,"href":"https:\/\/maukiss.store\/lt\/wp-json\/wp\/v2\/product_brand?post=4220"},{"taxonomy":"product_cat","embeddable":true,"href":"https:\/\/maukiss.store\/lt\/wp-json\/wp\/v2\/product_cat?post=4220"},{"taxonomy":"product_tag","embeddable":true,"href":"https:\/\/maukiss.store\/lt\/wp-json\/wp\/v2\/product_tag?post=4220"}],"curies":[{"name":"wp","href":"https:\/\/api.w.org\/{rel}","templated":true}]}}