{"id":4376,"date":"2022-04-15T09:45:23","date_gmt":"2022-05-16T16:57:22","guid":{"rendered":"https:\/\/maukiss.store\/shop\/be-kategorijos\/dovanu-kortele\/"},"modified":"2023-02-03T14:28:04","modified_gmt":"2023-02-03T12:28:04","slug":"gift-card","status":"publish","type":"product","link":"https:\/\/maukiss.store\/lt\/shop-2\/dovanu-kortele\/gift-card\/","title":{"rendered":"Dovan\u0173 kortel\u0117"},"content":{"rendered":"<p>I\u0161rinkti dovanas sunku! Dovan\u0173 kortel\u0117 \u2013 u\u017etikrintas pasirinkimas! Maukiss dovan\u0173 kortel\u0117s gali b\u016bti panaudotos internetin\u0117je svetain\u0117je esan\u010dioms prek\u0117ms ir individualiems u\u017esakymams. Padovanokite unikalius k\u016brinius unikaliems \u017emon\u0117ms.<\/p>\n","protected":false},"excerpt":{"rendered":"<p>Dovan\u0173 kuponai siun\u010diami pa\u0161tu, pra\u0161ome pasirinkti reikiam\u0105 korteli\u0173 kiek\u012f.<\/p>\n","protected":false},"featured_media":4359,"comment_status":"open","ping_status":"closed","template":"","meta":[],"product_brand":[],"product_cat":[114],"product_tag":[141,143,144],"class_list":{"0":"post-4376","1":"product","2":"type-product","3":"status-publish","4":"has-post-thumbnail","6":"product_cat-dovanu-kortele","7":"product_tag-beach-without-sand","8":"product_tag-freedom-of-summer","9":"product_tag-saints-sinners","11":"first","12":"instock","13":"shipping-taxable","14":"purchasable","15":"product-type-simple","16":"layout-style-1","17":"col-md-4 col-sm-4 col-xs-6","18":"col-lg-3","19":"product-has-gallery","20":"product-style-default"},"acf":[],"yoast_head":"<!-- This site is optimized with the Yoast SEO plugin v19.5.1 - https:\/\/yoast.com\/wordpress\/plugins\/seo\/ -->\n<title>Dovan\u0173 kortel\u0117 - MauKiss<\/title>\n<meta name=\"description\" content=\"Maukiss dovan\u0173 kortel\u0117s gali b\u016bti panaudotos internetin\u0117je svetain\u0117je esan\u010dioms prek\u0117ms ir individualiems u\u017esakymams. Padovanokite unikalius k\u016brinius unikaliems \u017emon\u0117ms.\" \/>\n<meta name=\"robots\" content=\"index, follow, max-snippet:-1, max-image-preview:large, max-video-preview:-1\" \/>\n<link rel=\"canonical\" href=\"https:\/\/maukiss.store\/shop-2\/dovanu-kortele\/gift-card\/\" \/>\n<meta property=\"og:locale\" content=\"lt_LT\" \/>\n<meta property=\"og:type\" content=\"article\" \/>\n<meta property=\"og:title\" content=\"Dovan\u0173 kortel\u0117 - MauKiss\" \/>\n<meta property=\"og:description\" content=\"Maukiss dovan\u0173 kortel\u0117s gali b\u016bti panaudotos internetin\u0117je svetain\u0117je esan\u010dioms prek\u0117ms ir individualiems u\u017esakymams. Padovanokite unikalius k\u016brinius unikaliems \u017emon\u0117ms.\" \/>\n<meta property=\"og:url\" content=\"https:\/\/maukiss.store\/shop-2\/dovanu-kortele\/gift-card\/\" \/>\n<meta property=\"og:site_name\" content=\"MauKiss\" \/>\n<meta property=\"article:publisher\" content=\"https:\/\/www.facebook.com\/Maukissofficial\" \/>\n<meta property=\"article:modified_time\" content=\"2023-02-03T12:28:04+00:00\" \/>\n<meta property=\"og:image\" content=\"https:\/\/maukiss.store\/wp-content\/uploads\/2022\/04\/Screenshot-2022-04-15-at-10.35.41-AM.png\" \/>\n\t<meta property=\"og:image:width\" content=\"1500\" \/>\n\t<meta property=\"og:image:height\" content=\"1066\" \/>\n\t<meta property=\"og:image:type\" content=\"image\/png\" \/>\n<meta name=\"twitter:card\" content=\"summary_large_image\" \/>\n<meta name=\"twitter:label1\" content=\"Est. reading time\" \/>\n\t<meta name=\"twitter:data1\" content=\"1 minut\u0117\" \/>\n<script type=\"application\/ld+json\" class=\"yoast-schema-graph\">{\"@context\":\"https:\/\/schema.org\",\"@graph\":[{\"@type\":\"WebPage\",\"@id\":\"https:\/\/maukiss.store\/shop-2\/dovanu-kortele\/gift-card\/\",\"url\":\"https:\/\/maukiss.store\/shop-2\/dovanu-kortele\/gift-card\/\",\"name\":\"Dovan\u0173 kortel\u0117 - MauKiss\",\"isPartOf\":{\"@id\":\"https:\/\/maukiss.store\/#website\"},\"datePublished\":\"2022-05-16T16:57:22+00:00\",\"dateModified\":\"2023-02-03T12:28:04+00:00\",\"description\":\"Maukiss dovan\u0173 kortel\u0117s gali b\u016bti panaudotos internetin\u0117je svetain\u0117je esan\u010dioms prek\u0117ms ir individualiems u\u017esakymams. Padovanokite unikalius k\u016brinius unikaliems \u017emon\u0117ms.\",\"breadcrumb\":{\"@id\":\"https:\/\/maukiss.store\/shop-2\/dovanu-kortele\/gift-card\/#breadcrumb\"},\"inLanguage\":\"lt-LT\",\"potentialAction\":[{\"@type\":\"ReadAction\",\"target\":[\"https:\/\/maukiss.store\/shop-2\/dovanu-kortele\/gift-card\/\"]}]},{\"@type\":\"BreadcrumbList\",\"@id\":\"https:\/\/maukiss.store\/shop-2\/dovanu-kortele\/gift-card\/#breadcrumb\",\"itemListElement\":[{\"@type\":\"ListItem\",\"position\":1,\"name\":\"Home\",\"item\":\"https:\/\/maukiss.store\/\"},{\"@type\":\"ListItem\",\"position\":2,\"name\":\"Shop\",\"item\":\"https:\/\/maukiss.store\/shop\/\"},{\"@type\":\"ListItem\",\"position\":3,\"name\":\"Dovan\u0173 kortel\u0117\"}]},{\"@type\":\"WebSite\",\"@id\":\"https:\/\/maukiss.store\/#website\",\"url\":\"https:\/\/maukiss.store\/\",\"name\":\"MauKiss\",\"description\":\"Show your true self\",\"publisher\":{\"@id\":\"https:\/\/maukiss.store\/#organization\"},\"potentialAction\":[{\"@type\":\"SearchAction\",\"target\":{\"@type\":\"EntryPoint\",\"urlTemplate\":\"https:\/\/maukiss.store\/?s={search_term_string}\"},\"query-input\":\"required name=search_term_string\"}],\"inLanguage\":\"lt-LT\"},{\"@type\":\"Organization\",\"@id\":\"https:\/\/maukiss.store\/#organization\",\"name\":\"MauKiss\",\"url\":\"https:\/\/maukiss.store\/\",\"sameAs\":[\"https:\/\/www.instagram.com\/maukiss_official\/\",\"https:\/\/www.facebook.com\/Maukissofficial\"],\"logo\":{\"@type\":\"ImageObject\",\"inLanguage\":\"lt-LT\",\"@id\":\"https:\/\/maukiss.store\/#\/schema\/logo\/image\/\",\"url\":\"https:\/\/maukiss.store\/wp-content\/uploads\/2021\/02\/180X180-e1614016205173.png\",\"contentUrl\":\"https:\/\/maukiss.store\/wp-content\/uploads\/2021\/02\/180X180-e1614016205173.png\",\"width\":180,\"height\":92,\"caption\":\"MauKiss\"},\"image\":{\"@id\":\"https:\/\/maukiss.store\/#\/schema\/logo\/image\/\"}}]}<\/script>\n<!-- \/ Yoast SEO plugin. -->","yoast_head_json":{"title":"Dovan\u0173 kortel\u0117 - MauKiss","description":"Maukiss dovan\u0173 kortel\u0117s gali b\u016bti panaudotos internetin\u0117je svetain\u0117je esan\u010dioms prek\u0117ms ir individualiems u\u017esakymams. Padovanokite unikalius k\u016brinius unikaliems \u017emon\u0117ms.","robots":{"index":"index","follow":"follow","max-snippet":"max-snippet:-1","max-image-preview":"max-image-preview:large","max-video-preview":"max-video-preview:-1"},"canonical":"https:\/\/maukiss.store\/shop-2\/dovanu-kortele\/gift-card\/","og_locale":"lt_LT","og_type":"article","og_title":"Dovan\u0173 kortel\u0117 - MauKiss","og_description":"Maukiss dovan\u0173 kortel\u0117s gali b\u016bti panaudotos internetin\u0117je svetain\u0117je esan\u010dioms prek\u0117ms ir individualiems u\u017esakymams. Padovanokite unikalius k\u016brinius unikaliems \u017emon\u0117ms.","og_url":"https:\/\/maukiss.store\/shop-2\/dovanu-kortele\/gift-card\/","og_site_name":"MauKiss","article_publisher":"https:\/\/www.facebook.com\/Maukissofficial","article_modified_time":"2023-02-03T12:28:04+00:00","og_image":[{"width":1500,"height":1066,"url":"https:\/\/maukiss.store\/wp-content\/uploads\/2022\/04\/Screenshot-2022-04-15-at-10.35.41-AM.png","type":"image\/png"}],"twitter_card":"summary_large_image","twitter_misc":{"Est. reading time":"1 minut\u0117"},"schema":{"@context":"https:\/\/schema.org","@graph":[{"@type":"WebPage","@id":"https:\/\/maukiss.store\/shop-2\/dovanu-kortele\/gift-card\/","url":"https:\/\/maukiss.store\/shop-2\/dovanu-kortele\/gift-card\/","name":"Dovan\u0173 kortel\u0117 - MauKiss","isPartOf":{"@id":"https:\/\/maukiss.store\/#website"},"datePublished":"2022-05-16T16:57:22+00:00","dateModified":"2023-02-03T12:28:04+00:00","description":"Maukiss dovan\u0173 kortel\u0117s gali b\u016bti panaudotos internetin\u0117je svetain\u0117je esan\u010dioms prek\u0117ms ir individualiems u\u017esakymams. Padovanokite unikalius k\u016brinius unikaliems \u017emon\u0117ms.","breadcrumb":{"@id":"https:\/\/maukiss.store\/shop-2\/dovanu-kortele\/gift-card\/#breadcrumb"},"inLanguage":"lt-LT","potentialAction":[{"@type":"ReadAction","target":["https:\/\/maukiss.store\/shop-2\/dovanu-kortele\/gift-card\/"]}]},{"@type":"BreadcrumbList","@id":"https:\/\/maukiss.store\/shop-2\/dovanu-kortele\/gift-card\/#breadcrumb","itemListElement":[{"@type":"ListItem","position":1,"name":"Home","item":"https:\/\/maukiss.store\/"},{"@type":"ListItem","position":2,"name":"Shop","item":"https:\/\/maukiss.store\/shop\/"},{"@type":"ListItem","position":3,"name":"Dovan\u0173 kortel\u0117"}]},{"@type":"WebSite","@id":"https:\/\/maukiss.store\/#website","url":"https:\/\/maukiss.store\/","name":"MauKiss","description":"Show your true self","publisher":{"@id":"https:\/\/maukiss.store\/#organization"},"potentialAction":[{"@type":"SearchAction","target":{"@type":"EntryPoint","urlTemplate":"https:\/\/maukiss.store\/?s={search_term_string}"},"query-input":"required name=search_term_string"}],"inLanguage":"lt-LT"},{"@type":"Organization","@id":"https:\/\/maukiss.store\/#organization","name":"MauKiss","url":"https:\/\/maukiss.store\/","sameAs":["https:\/\/www.instagram.com\/maukiss_official\/","https:\/\/www.facebook.com\/Maukissofficial"],"logo":{"@type":"ImageObject","inLanguage":"lt-LT","@id":"https:\/\/maukiss.store\/#\/schema\/logo\/image\/","url":"https:\/\/maukiss.store\/wp-content\/uploads\/2021\/02\/180X180-e1614016205173.png","contentUrl":"https:\/\/maukiss.store\/wp-content\/uploads\/2021\/02\/180X180-e1614016205173.png","width":180,"height":92,"caption":"MauKiss"},"image":{"@id":"https:\/\/maukiss.store\/#\/schema\/logo\/image\/"}}]}},"_links":{"self":[{"href":"https:\/\/maukiss.store\/lt\/wp-json\/wp\/v2\/product\/4376","targetHints":{"allow":["GET"]}}],"collection":[{"href":"https:\/\/maukiss.store\/lt\/wp-json\/wp\/v2\/product"}],"about":[{"href":"https:\/\/maukiss.store\/lt\/wp-json\/wp\/v2\/types\/product"}],"replies":[{"embeddable":true,"href":"https:\/\/maukiss.store\/lt\/wp-json\/wp\/v2\/comments?post=4376"}],"wp:featuredmedia":[{"embeddable":true,"href":"https:\/\/maukiss.store\/lt\/wp-json\/wp\/v2\/media\/4359"}],"wp:attachment":[{"href":"https:\/\/maukiss.store\/lt\/wp-json\/wp\/v2\/media?parent=4376"}],"wp:term":[{"taxonomy":"product_brand","embeddable":true,"href":"https:\/\/maukiss.store\/lt\/wp-json\/wp\/v2\/product_brand?post=4376"},{"taxonomy":"product_cat","embeddable":true,"href":"https:\/\/maukiss.store\/lt\/wp-json\/wp\/v2\/product_cat?post=4376"},{"taxonomy":"product_tag","embeddable":true,"href":"https:\/\/maukiss.store\/lt\/wp-json\/wp\/v2\/product_tag?post=4376"}],"curies":[{"name":"wp","href":"https:\/\/api.w.org\/{rel}","templated":true}]}}