{"id":5464,"date":"2024-12-02T23:34:53","date_gmt":"2024-12-02T21:34:53","guid":{"rendered":"https:\/\/maukiss.store\/?post_type=product&#038;p=5464"},"modified":"2024-12-03T00:53:12","modified_gmt":"2024-12-02T22:53:12","slug":"maukiss-elements-dvieju-daliu-kostiumas","status":"publish","type":"product","link":"https:\/\/maukiss.store\/lt\/shop-2\/sukneles\/maukiss-elements-dvieju-daliu-kostiumas\/","title":{"rendered":"MauKiss \u2018Elements\u2019 dviej\u0173 dali\u0173 kostiumas"},"content":{"rendered":"<p><span style=\"font-weight: 400;\"><br \/>\n\u0160\u012f dviej\u0173 dali\u0173 kostium\u0105 sudaro asimetri\u0161kas vir\u0161us su ilga rankove, atidengiantis vien\u0105 pet\u012f ir eleganti\u0161kai drapiruota sijono dalis su i\u0161rai\u0161kingu priekiniu skeltuku, suteikian\u010diu grak\u0161tumo ir judesi\u0173 laisv\u0117s. <\/span><span style=\"font-weight: 400;\">Rankov\u0117s su integruotomis angomis nyk\u0161\u010diui u\u017etikrina papildom\u0105 komfort\u0105 ir modern\u0173 akcent\u0105. <\/span><span style=\"font-weight: 400;\">Audinys lengvai krenta, subtiliai blizgus ir atspindintis nat\u016brali\u0105 \u0161vies\u0105.<\/span><span style=\"font-weight: 400;\"><br \/>\n<\/span><\/p>\n<p><span style=\"font-weight: 400;\">Kolekcija: Elements<br \/>\n<\/span><span style=\"font-weight: 400;\">Spalva: plienin\u0117<br \/>\n<\/span><span style=\"font-weight: 400;\">Med\u017eiaga: 80 % poliamidas, 20% elastanas<br \/>\n<\/span><span style=\"font-weight: 400;\">Modelio \u016bgis: 170 cm<br \/>\n<\/span><span style=\"font-weight: 400;\">Modelis d\u0117vi: S dyd\u012f<\/span><\/p>\n<p><span style=\"font-weight: 400;\">Pagaminta Lietuvoje<\/span><\/p>\n<p><br style=\"font-weight: 400;\" \/><br style=\"font-weight: 400;\" \/><\/p>\n","protected":false},"excerpt":{"rendered":"<p><span style=\"font-weight: 400;\">\u0160\u012f dviej\u0173 dali\u0173 kostium\u0105 sudaro asimetri\u0161kas vir\u0161us su ilga rankove, atidengiantis vien\u0105 pet\u012f ir eleganti\u0161kai drapiruota sijono dalis su i\u0161rai\u0161kingu priekiniu skeltuku, suteikian\u010diu grak\u0161tumo ir judesi\u0173 laisv\u0117s. <\/span><span style=\"font-weight: 400;\">Rankov\u0117s su integruotomis angomis nyk\u0161\u010diui u\u017etikrina papildom\u0105 komfort\u0105 ir modern\u0173 akcent\u0105. <\/span><span style=\"font-weight: 400;\">Audinys lengvai krenta, subtiliai blizgus ir atspindintis nat\u016brali\u0105 \u0161vies\u0105.<\/span><\/p>\n<ul>\n<li style=\"font-weight: 400;\" aria-level=\"1\"><span style=\"font-weight: 400;\">Kolekcija: Elements<\/span><\/li>\n<li style=\"font-weight: 400;\" aria-level=\"1\"><span style=\"font-weight: 400;\">Spalva: plienin\u0117<\/span><\/li>\n<li style=\"font-weight: 400;\" aria-level=\"1\"><span style=\"font-weight: 400;\">Med\u017eiaga: 80 % poliamidas, 20% elastanas<\/span><\/li>\n<li style=\"font-weight: 400;\" aria-level=\"1\"><span style=\"font-weight: 400;\">Modelio \u016bgis: 170 cm<\/span><\/li>\n<li style=\"font-weight: 400;\" aria-level=\"1\"><span style=\"font-weight: 400;\">Modelis d\u0117vi: S dyd\u012f<\/span><\/li>\n<\/ul>\n<p><span style=\"font-weight: 400;\">Pagaminta Lietuvoje<\/span><\/p>\n<p>&nbsp;<\/p>\n","protected":false},"featured_media":5469,"comment_status":"open","ping_status":"closed","template":"","meta":[],"product_brand":[],"product_cat":[192,173],"product_tag":[],"class_list":{"0":"post-5464","1":"product","2":"type-product","3":"status-publish","4":"has-post-thumbnail","6":"product_cat-kostiumas","7":"product_cat-sukneles","9":"first","10":"instock","11":"shipping-taxable","12":"product-type-variable","13":"layout-style-1","14":"col-md-4 col-sm-4 col-xs-6","15":"col-lg-3","16":"product-has-gallery","17":"product-style-default"},"acf":[],"yoast_head":"<!-- This site is optimized with the Yoast SEO plugin v19.5.1 - https:\/\/yoast.com\/wordpress\/plugins\/seo\/ -->\n<title>MauKiss \u2018Elements\u2019 dviej\u0173 dali\u0173 kostiumas - MauKiss<\/title>\n<meta name=\"robots\" content=\"index, follow, max-snippet:-1, max-image-preview:large, max-video-preview:-1\" \/>\n<link rel=\"canonical\" href=\"https:\/\/maukiss.store\/shop-2\/sukneles\/maukiss-elements-dvieju-daliu-kostiumas\/\" \/>\n<meta property=\"og:locale\" content=\"lt_LT\" \/>\n<meta property=\"og:type\" content=\"article\" \/>\n<meta property=\"og:title\" content=\"MauKiss \u2018Elements\u2019 dviej\u0173 dali\u0173 kostiumas - MauKiss\" \/>\n<meta property=\"og:description\" content=\"\u0160\u012f dviej\u0173 dali\u0173 kostium\u0105 sudaro asimetri\u0161kas vir\u0161us su ilga rankove, atidengiantis vien\u0105 pet\u012f ir eleganti\u0161kai drapiruota sijono dalis su i\u0161rai\u0161kingu priekiniu skeltuku, suteikian\u010diu grak\u0161tumo ir judesi\u0173 laisv\u0117s. Rankov\u0117s su integruotomis angomis nyk\u0161\u010diui u\u017etikrina papildom\u0105 komfort\u0105 ir modern\u0173 akcent\u0105. Audinys lengvai krenta, subtiliai blizgus ir atspindintis nat\u016brali\u0105 \u0161vies\u0105.   Kolekcija: Elements  Spalva: plienin\u0117  Med\u017eiaga: 80 % poliamidas, 20% elastanas  Modelio \u016bgis: 170 cm  Modelis d\u0117vi: S dyd\u012f  Pagaminta Lietuvoje  &nbsp;\" \/>\n<meta property=\"og:url\" content=\"https:\/\/maukiss.store\/shop-2\/sukneles\/maukiss-elements-dvieju-daliu-kostiumas\/\" \/>\n<meta property=\"og:site_name\" content=\"MauKiss\" \/>\n<meta property=\"article:publisher\" content=\"https:\/\/www.facebook.com\/Maukissofficial\" \/>\n<meta property=\"article:modified_time\" content=\"2024-12-02T22:53:12+00:00\" \/>\n<meta property=\"og:image\" content=\"https:\/\/maukiss.store\/wp-content\/uploads\/2024\/12\/2024-11-08-MAUKIS_GUSTE1899-scaled.jpg\" \/>\n\t<meta property=\"og:image:width\" content=\"2048\" \/>\n\t<meta property=\"og:image:height\" content=\"2560\" \/>\n\t<meta property=\"og:image:type\" content=\"image\/jpeg\" \/>\n<meta name=\"twitter:card\" content=\"summary_large_image\" \/>\n<meta name=\"twitter:label1\" content=\"Est. reading time\" \/>\n\t<meta name=\"twitter:data1\" content=\"1 minut\u0117\" \/>\n<script type=\"application\/ld+json\" class=\"yoast-schema-graph\">{\"@context\":\"https:\/\/schema.org\",\"@graph\":[{\"@type\":\"WebPage\",\"@id\":\"https:\/\/maukiss.store\/shop-2\/sukneles\/maukiss-elements-dvieju-daliu-kostiumas\/\",\"url\":\"https:\/\/maukiss.store\/shop-2\/sukneles\/maukiss-elements-dvieju-daliu-kostiumas\/\",\"name\":\"MauKiss \u2018Elements\u2019 dviej\u0173 dali\u0173 kostiumas - MauKiss\",\"isPartOf\":{\"@id\":\"https:\/\/maukiss.store\/#website\"},\"datePublished\":\"2024-12-02T21:34:53+00:00\",\"dateModified\":\"2024-12-02T22:53:12+00:00\",\"breadcrumb\":{\"@id\":\"https:\/\/maukiss.store\/shop-2\/sukneles\/maukiss-elements-dvieju-daliu-kostiumas\/#breadcrumb\"},\"inLanguage\":\"lt-LT\",\"potentialAction\":[{\"@type\":\"ReadAction\",\"target\":[\"https:\/\/maukiss.store\/shop-2\/sukneles\/maukiss-elements-dvieju-daliu-kostiumas\/\"]}]},{\"@type\":\"BreadcrumbList\",\"@id\":\"https:\/\/maukiss.store\/shop-2\/sukneles\/maukiss-elements-dvieju-daliu-kostiumas\/#breadcrumb\",\"itemListElement\":[{\"@type\":\"ListItem\",\"position\":1,\"name\":\"Home\",\"item\":\"https:\/\/maukiss.store\/\"},{\"@type\":\"ListItem\",\"position\":2,\"name\":\"Shop\",\"item\":\"https:\/\/maukiss.store\/shop\/\"},{\"@type\":\"ListItem\",\"position\":3,\"name\":\"MauKiss \u2018Elements\u2019 dviej\u0173 dali\u0173 kostiumas\"}]},{\"@type\":\"WebSite\",\"@id\":\"https:\/\/maukiss.store\/#website\",\"url\":\"https:\/\/maukiss.store\/\",\"name\":\"MauKiss\",\"description\":\"Show your true self\",\"publisher\":{\"@id\":\"https:\/\/maukiss.store\/#organization\"},\"potentialAction\":[{\"@type\":\"SearchAction\",\"target\":{\"@type\":\"EntryPoint\",\"urlTemplate\":\"https:\/\/maukiss.store\/?s={search_term_string}\"},\"query-input\":\"required name=search_term_string\"}],\"inLanguage\":\"lt-LT\"},{\"@type\":\"Organization\",\"@id\":\"https:\/\/maukiss.store\/#organization\",\"name\":\"MauKiss\",\"url\":\"https:\/\/maukiss.store\/\",\"sameAs\":[\"https:\/\/www.instagram.com\/maukiss_official\/\",\"https:\/\/www.facebook.com\/Maukissofficial\"],\"logo\":{\"@type\":\"ImageObject\",\"inLanguage\":\"lt-LT\",\"@id\":\"https:\/\/maukiss.store\/#\/schema\/logo\/image\/\",\"url\":\"https:\/\/maukiss.store\/wp-content\/uploads\/2021\/02\/180X180-e1614016205173.png\",\"contentUrl\":\"https:\/\/maukiss.store\/wp-content\/uploads\/2021\/02\/180X180-e1614016205173.png\",\"width\":180,\"height\":92,\"caption\":\"MauKiss\"},\"image\":{\"@id\":\"https:\/\/maukiss.store\/#\/schema\/logo\/image\/\"}}]}<\/script>\n<!-- \/ Yoast SEO plugin. -->","yoast_head_json":{"title":"MauKiss \u2018Elements\u2019 dviej\u0173 dali\u0173 kostiumas - MauKiss","robots":{"index":"index","follow":"follow","max-snippet":"max-snippet:-1","max-image-preview":"max-image-preview:large","max-video-preview":"max-video-preview:-1"},"canonical":"https:\/\/maukiss.store\/shop-2\/sukneles\/maukiss-elements-dvieju-daliu-kostiumas\/","og_locale":"lt_LT","og_type":"article","og_title":"MauKiss \u2018Elements\u2019 dviej\u0173 dali\u0173 kostiumas - MauKiss","og_description":"\u0160\u012f dviej\u0173 dali\u0173 kostium\u0105 sudaro asimetri\u0161kas vir\u0161us su ilga rankove, atidengiantis vien\u0105 pet\u012f ir eleganti\u0161kai drapiruota sijono dalis su i\u0161rai\u0161kingu priekiniu skeltuku, suteikian\u010diu grak\u0161tumo ir judesi\u0173 laisv\u0117s. Rankov\u0117s su integruotomis angomis nyk\u0161\u010diui u\u017etikrina papildom\u0105 komfort\u0105 ir modern\u0173 akcent\u0105. Audinys lengvai krenta, subtiliai blizgus ir atspindintis nat\u016brali\u0105 \u0161vies\u0105.   Kolekcija: Elements  Spalva: plienin\u0117  Med\u017eiaga: 80 % poliamidas, 20% elastanas  Modelio \u016bgis: 170 cm  Modelis d\u0117vi: S dyd\u012f  Pagaminta Lietuvoje  &nbsp;","og_url":"https:\/\/maukiss.store\/shop-2\/sukneles\/maukiss-elements-dvieju-daliu-kostiumas\/","og_site_name":"MauKiss","article_publisher":"https:\/\/www.facebook.com\/Maukissofficial","article_modified_time":"2024-12-02T22:53:12+00:00","og_image":[{"width":2048,"height":2560,"url":"https:\/\/maukiss.store\/wp-content\/uploads\/2024\/12\/2024-11-08-MAUKIS_GUSTE1899-scaled.jpg","type":"image\/jpeg"}],"twitter_card":"summary_large_image","twitter_misc":{"Est. reading time":"1 minut\u0117"},"schema":{"@context":"https:\/\/schema.org","@graph":[{"@type":"WebPage","@id":"https:\/\/maukiss.store\/shop-2\/sukneles\/maukiss-elements-dvieju-daliu-kostiumas\/","url":"https:\/\/maukiss.store\/shop-2\/sukneles\/maukiss-elements-dvieju-daliu-kostiumas\/","name":"MauKiss \u2018Elements\u2019 dviej\u0173 dali\u0173 kostiumas - MauKiss","isPartOf":{"@id":"https:\/\/maukiss.store\/#website"},"datePublished":"2024-12-02T21:34:53+00:00","dateModified":"2024-12-02T22:53:12+00:00","breadcrumb":{"@id":"https:\/\/maukiss.store\/shop-2\/sukneles\/maukiss-elements-dvieju-daliu-kostiumas\/#breadcrumb"},"inLanguage":"lt-LT","potentialAction":[{"@type":"ReadAction","target":["https:\/\/maukiss.store\/shop-2\/sukneles\/maukiss-elements-dvieju-daliu-kostiumas\/"]}]},{"@type":"BreadcrumbList","@id":"https:\/\/maukiss.store\/shop-2\/sukneles\/maukiss-elements-dvieju-daliu-kostiumas\/#breadcrumb","itemListElement":[{"@type":"ListItem","position":1,"name":"Home","item":"https:\/\/maukiss.store\/"},{"@type":"ListItem","position":2,"name":"Shop","item":"https:\/\/maukiss.store\/shop\/"},{"@type":"ListItem","position":3,"name":"MauKiss \u2018Elements\u2019 dviej\u0173 dali\u0173 kostiumas"}]},{"@type":"WebSite","@id":"https:\/\/maukiss.store\/#website","url":"https:\/\/maukiss.store\/","name":"MauKiss","description":"Show your true self","publisher":{"@id":"https:\/\/maukiss.store\/#organization"},"potentialAction":[{"@type":"SearchAction","target":{"@type":"EntryPoint","urlTemplate":"https:\/\/maukiss.store\/?s={search_term_string}"},"query-input":"required name=search_term_string"}],"inLanguage":"lt-LT"},{"@type":"Organization","@id":"https:\/\/maukiss.store\/#organization","name":"MauKiss","url":"https:\/\/maukiss.store\/","sameAs":["https:\/\/www.instagram.com\/maukiss_official\/","https:\/\/www.facebook.com\/Maukissofficial"],"logo":{"@type":"ImageObject","inLanguage":"lt-LT","@id":"https:\/\/maukiss.store\/#\/schema\/logo\/image\/","url":"https:\/\/maukiss.store\/wp-content\/uploads\/2021\/02\/180X180-e1614016205173.png","contentUrl":"https:\/\/maukiss.store\/wp-content\/uploads\/2021\/02\/180X180-e1614016205173.png","width":180,"height":92,"caption":"MauKiss"},"image":{"@id":"https:\/\/maukiss.store\/#\/schema\/logo\/image\/"}}]}},"_links":{"self":[{"href":"https:\/\/maukiss.store\/lt\/wp-json\/wp\/v2\/product\/5464","targetHints":{"allow":["GET"]}}],"collection":[{"href":"https:\/\/maukiss.store\/lt\/wp-json\/wp\/v2\/product"}],"about":[{"href":"https:\/\/maukiss.store\/lt\/wp-json\/wp\/v2\/types\/product"}],"replies":[{"embeddable":true,"href":"https:\/\/maukiss.store\/lt\/wp-json\/wp\/v2\/comments?post=5464"}],"wp:featuredmedia":[{"embeddable":true,"href":"https:\/\/maukiss.store\/lt\/wp-json\/wp\/v2\/media\/5469"}],"wp:attachment":[{"href":"https:\/\/maukiss.store\/lt\/wp-json\/wp\/v2\/media?parent=5464"}],"wp:term":[{"taxonomy":"product_brand","embeddable":true,"href":"https:\/\/maukiss.store\/lt\/wp-json\/wp\/v2\/product_brand?post=5464"},{"taxonomy":"product_cat","embeddable":true,"href":"https:\/\/maukiss.store\/lt\/wp-json\/wp\/v2\/product_cat?post=5464"},{"taxonomy":"product_tag","embeddable":true,"href":"https:\/\/maukiss.store\/lt\/wp-json\/wp\/v2\/product_tag?post=5464"}],"curies":[{"name":"wp","href":"https:\/\/api.w.org\/{rel}","templated":true}]}}