{"id":5524,"date":"2024-12-03T01:28:17","date_gmt":"2024-12-02T23:28:17","guid":{"rendered":"https:\/\/maukiss.store\/?post_type=product&#038;p=5524"},"modified":"2025-02-24T00:16:52","modified_gmt":"2025-02-23T22:16:52","slug":"maukiss-kepure-2","status":"publish","type":"product","link":"https:\/\/maukiss.store\/lt\/shop-2\/kepure\/maukiss-kepure-2\/","title":{"rendered":"Maukiss kepur\u0117"},"content":{"rendered":"<p><span style=\"font-weight: 400;\">\u0160i \u0161ilta, apsauganti nuo v\u0117jo ir dr\u0117gm\u0117s kepur\u0117 yra puikus pasirinkimas \u0161altuoju sezonu. Mink\u0161ta med\u017eiaga u\u017etikrina komfort\u0105. \u0160oninius atvartus galima susegti ant vir\u0161ugalvio arba po smakru, taip pritaikant kepur\u0119 pagal norim\u0105 stili\u0173 ir oro s\u0105lygas.<\/span><span style=\"font-weight: 400;\"><br \/>\n<\/span><\/p>\n<ul>\n<li style=\"font-weight: 400;\" aria-level=\"1\"><span style=\"font-weight: 400;\">Spalva: burgundin\u0117<\/span><\/li>\n<li style=\"font-weight: 400;\" aria-level=\"1\"><span style=\"font-weight: 400;\">Med\u017eiaga: 100 % nailonas<\/span><\/li>\n<li style=\"font-weight: 400;\" aria-level=\"1\"><span style=\"font-weight: 400;\">Pamink\u0161tinimas: lengvas, \u0161iltas<\/span><\/li>\n<li style=\"font-weight: 400;\" aria-level=\"1\"><span style=\"font-weight: 400;\">Stilius: unisex, universalus d\u0117v\u0117jimui<\/span><\/li>\n<\/ul>\n<p><span style=\"font-weight: 400;\">\u00a0\u00a0\u00a0\u00a0\u00a0\u00a0Pagaminta Lietuvoje<\/span><\/p>\n","protected":false},"excerpt":{"rendered":"<p><span style=\"font-weight: 400;\">\u0160i \u0161ilta, apsauganti nuo v\u0117jo ir dr\u0117gm\u0117s kepur\u0117 yra puikus pasirinkimas \u0161altuoju sezonu. Mink\u0161ta med\u017eiaga u\u017etikrina komfort\u0105. \u0160oninius atvartus galima susegti ant vir\u0161ugalvio arba po smakru, taip pritaikant kepur\u0119 pagal norim\u0105 stili\u0173 ir oro s\u0105lygas.<\/span><span style=\"font-weight: 400;\"><br \/>\n<\/span><\/p>\n<ul>\n<li style=\"font-weight: 400;\" aria-level=\"1\"><span style=\"font-weight: 400;\">Spalva: burgundin\u0117s<\/span><\/li>\n<li style=\"font-weight: 400;\" aria-level=\"1\"><span style=\"font-weight: 400;\">Med\u017eiaga: 100 % nailonas<\/span><\/li>\n<li style=\"font-weight: 400;\" aria-level=\"1\"><span style=\"font-weight: 400;\">Pamink\u0161tinimas: lengvas, \u0161iltas<\/span><\/li>\n<li style=\"font-weight: 400;\" aria-level=\"1\"><span style=\"font-weight: 400;\">Stilius: unisex, universalus d\u0117v\u0117jimui<\/span><\/li>\n<\/ul>\n<p><span style=\"font-weight: 400;\">\u00a0\u00a0\u00a0\u00a0\u00a0\u00a0Pagaminta Lietuvoje<\/span><\/p>\n","protected":false},"featured_media":5533,"comment_status":"open","ping_status":"closed","template":"","meta":[],"product_brand":[],"product_cat":[195],"product_tag":[],"class_list":{"0":"post-5524","1":"product","2":"type-product","3":"status-publish","4":"has-post-thumbnail","6":"product_cat-kepure","8":"first","9":"instock","10":"shipping-taxable","11":"purchasable","12":"product-type-simple","13":"layout-style-1","14":"col-md-4 col-sm-4 col-xs-6","15":"col-lg-3","16":"product-has-gallery","17":"product-style-default"},"acf":[],"yoast_head":"<!-- This site is optimized with the Yoast SEO plugin v19.5.1 - https:\/\/yoast.com\/wordpress\/plugins\/seo\/ -->\n<title>Maukiss kepur\u0117 - MauKiss<\/title>\n<meta name=\"robots\" content=\"index, follow, max-snippet:-1, max-image-preview:large, max-video-preview:-1\" \/>\n<link rel=\"canonical\" href=\"https:\/\/maukiss.store\/shop-2\/kepure\/maukiss-kepure-2\/\" \/>\n<meta property=\"og:locale\" content=\"lt_LT\" \/>\n<meta property=\"og:type\" content=\"article\" \/>\n<meta property=\"og:title\" content=\"Maukiss kepur\u0117 - MauKiss\" \/>\n<meta property=\"og:description\" content=\"\u0160i \u0161ilta, apsauganti nuo v\u0117jo ir dr\u0117gm\u0117s kepur\u0117 yra puikus pasirinkimas \u0161altuoju sezonu. Mink\u0161ta med\u017eiaga u\u017etikrina komfort\u0105. \u0160oninius atvartus galima susegti ant vir\u0161ugalvio arba po smakru, taip pritaikant kepur\u0119 pagal norim\u0105 stili\u0173 ir oro s\u0105lygas.    Spalva: burgundin\u0117s  Med\u017eiaga: 100 % nailonas  Pamink\u0161tinimas: lengvas, \u0161iltas  Stilius: unisex, universalus d\u0117v\u0117jimui  \u00a0\u00a0\u00a0\u00a0\u00a0\u00a0Pagaminta Lietuvoje\" \/>\n<meta property=\"og:url\" content=\"https:\/\/maukiss.store\/shop-2\/kepure\/maukiss-kepure-2\/\" \/>\n<meta property=\"og:site_name\" content=\"MauKiss\" \/>\n<meta property=\"article:publisher\" content=\"https:\/\/www.facebook.com\/Maukissofficial\" \/>\n<meta property=\"article:modified_time\" content=\"2025-02-23T22:16:52+00:00\" \/>\n<meta property=\"og:image\" content=\"https:\/\/maukiss.store\/wp-content\/uploads\/2024\/12\/2024-11-08-MAUKIS_GUSTE1995-1-scaled.jpg\" \/>\n\t<meta property=\"og:image:width\" content=\"2048\" \/>\n\t<meta property=\"og:image:height\" content=\"2560\" \/>\n\t<meta property=\"og:image:type\" content=\"image\/jpeg\" \/>\n<meta name=\"twitter:card\" content=\"summary_large_image\" \/>\n<meta name=\"twitter:label1\" content=\"Est. reading time\" \/>\n\t<meta name=\"twitter:data1\" content=\"1 minut\u0117\" \/>\n<script type=\"application\/ld+json\" class=\"yoast-schema-graph\">{\"@context\":\"https:\/\/schema.org\",\"@graph\":[{\"@type\":\"WebPage\",\"@id\":\"https:\/\/maukiss.store\/shop-2\/kepure\/maukiss-kepure-2\/\",\"url\":\"https:\/\/maukiss.store\/shop-2\/kepure\/maukiss-kepure-2\/\",\"name\":\"Maukiss kepur\u0117 - MauKiss\",\"isPartOf\":{\"@id\":\"https:\/\/maukiss.store\/#website\"},\"datePublished\":\"2024-12-02T23:28:17+00:00\",\"dateModified\":\"2025-02-23T22:16:52+00:00\",\"breadcrumb\":{\"@id\":\"https:\/\/maukiss.store\/shop-2\/kepure\/maukiss-kepure-2\/#breadcrumb\"},\"inLanguage\":\"lt-LT\",\"potentialAction\":[{\"@type\":\"ReadAction\",\"target\":[\"https:\/\/maukiss.store\/shop-2\/kepure\/maukiss-kepure-2\/\"]}]},{\"@type\":\"BreadcrumbList\",\"@id\":\"https:\/\/maukiss.store\/shop-2\/kepure\/maukiss-kepure-2\/#breadcrumb\",\"itemListElement\":[{\"@type\":\"ListItem\",\"position\":1,\"name\":\"Home\",\"item\":\"https:\/\/maukiss.store\/\"},{\"@type\":\"ListItem\",\"position\":2,\"name\":\"Shop\",\"item\":\"https:\/\/maukiss.store\/shop\/\"},{\"@type\":\"ListItem\",\"position\":3,\"name\":\"Maukiss kepur\u0117\"}]},{\"@type\":\"WebSite\",\"@id\":\"https:\/\/maukiss.store\/#website\",\"url\":\"https:\/\/maukiss.store\/\",\"name\":\"MauKiss\",\"description\":\"Show your true self\",\"publisher\":{\"@id\":\"https:\/\/maukiss.store\/#organization\"},\"potentialAction\":[{\"@type\":\"SearchAction\",\"target\":{\"@type\":\"EntryPoint\",\"urlTemplate\":\"https:\/\/maukiss.store\/?s={search_term_string}\"},\"query-input\":\"required name=search_term_string\"}],\"inLanguage\":\"lt-LT\"},{\"@type\":\"Organization\",\"@id\":\"https:\/\/maukiss.store\/#organization\",\"name\":\"MauKiss\",\"url\":\"https:\/\/maukiss.store\/\",\"sameAs\":[\"https:\/\/www.instagram.com\/maukiss_official\/\",\"https:\/\/www.facebook.com\/Maukissofficial\"],\"logo\":{\"@type\":\"ImageObject\",\"inLanguage\":\"lt-LT\",\"@id\":\"https:\/\/maukiss.store\/#\/schema\/logo\/image\/\",\"url\":\"https:\/\/maukiss.store\/wp-content\/uploads\/2021\/02\/180X180-e1614016205173.png\",\"contentUrl\":\"https:\/\/maukiss.store\/wp-content\/uploads\/2021\/02\/180X180-e1614016205173.png\",\"width\":180,\"height\":92,\"caption\":\"MauKiss\"},\"image\":{\"@id\":\"https:\/\/maukiss.store\/#\/schema\/logo\/image\/\"}}]}<\/script>\n<!-- \/ Yoast SEO plugin. -->","yoast_head_json":{"title":"Maukiss kepur\u0117 - MauKiss","robots":{"index":"index","follow":"follow","max-snippet":"max-snippet:-1","max-image-preview":"max-image-preview:large","max-video-preview":"max-video-preview:-1"},"canonical":"https:\/\/maukiss.store\/shop-2\/kepure\/maukiss-kepure-2\/","og_locale":"lt_LT","og_type":"article","og_title":"Maukiss kepur\u0117 - MauKiss","og_description":"\u0160i \u0161ilta, apsauganti nuo v\u0117jo ir dr\u0117gm\u0117s kepur\u0117 yra puikus pasirinkimas \u0161altuoju sezonu. Mink\u0161ta med\u017eiaga u\u017etikrina komfort\u0105. \u0160oninius atvartus galima susegti ant vir\u0161ugalvio arba po smakru, taip pritaikant kepur\u0119 pagal norim\u0105 stili\u0173 ir oro s\u0105lygas.    Spalva: burgundin\u0117s  Med\u017eiaga: 100 % nailonas  Pamink\u0161tinimas: lengvas, \u0161iltas  Stilius: unisex, universalus d\u0117v\u0117jimui  \u00a0\u00a0\u00a0\u00a0\u00a0\u00a0Pagaminta Lietuvoje","og_url":"https:\/\/maukiss.store\/shop-2\/kepure\/maukiss-kepure-2\/","og_site_name":"MauKiss","article_publisher":"https:\/\/www.facebook.com\/Maukissofficial","article_modified_time":"2025-02-23T22:16:52+00:00","og_image":[{"width":2048,"height":2560,"url":"https:\/\/maukiss.store\/wp-content\/uploads\/2024\/12\/2024-11-08-MAUKIS_GUSTE1995-1-scaled.jpg","type":"image\/jpeg"}],"twitter_card":"summary_large_image","twitter_misc":{"Est. reading time":"1 minut\u0117"},"schema":{"@context":"https:\/\/schema.org","@graph":[{"@type":"WebPage","@id":"https:\/\/maukiss.store\/shop-2\/kepure\/maukiss-kepure-2\/","url":"https:\/\/maukiss.store\/shop-2\/kepure\/maukiss-kepure-2\/","name":"Maukiss kepur\u0117 - MauKiss","isPartOf":{"@id":"https:\/\/maukiss.store\/#website"},"datePublished":"2024-12-02T23:28:17+00:00","dateModified":"2025-02-23T22:16:52+00:00","breadcrumb":{"@id":"https:\/\/maukiss.store\/shop-2\/kepure\/maukiss-kepure-2\/#breadcrumb"},"inLanguage":"lt-LT","potentialAction":[{"@type":"ReadAction","target":["https:\/\/maukiss.store\/shop-2\/kepure\/maukiss-kepure-2\/"]}]},{"@type":"BreadcrumbList","@id":"https:\/\/maukiss.store\/shop-2\/kepure\/maukiss-kepure-2\/#breadcrumb","itemListElement":[{"@type":"ListItem","position":1,"name":"Home","item":"https:\/\/maukiss.store\/"},{"@type":"ListItem","position":2,"name":"Shop","item":"https:\/\/maukiss.store\/shop\/"},{"@type":"ListItem","position":3,"name":"Maukiss kepur\u0117"}]},{"@type":"WebSite","@id":"https:\/\/maukiss.store\/#website","url":"https:\/\/maukiss.store\/","name":"MauKiss","description":"Show your true self","publisher":{"@id":"https:\/\/maukiss.store\/#organization"},"potentialAction":[{"@type":"SearchAction","target":{"@type":"EntryPoint","urlTemplate":"https:\/\/maukiss.store\/?s={search_term_string}"},"query-input":"required name=search_term_string"}],"inLanguage":"lt-LT"},{"@type":"Organization","@id":"https:\/\/maukiss.store\/#organization","name":"MauKiss","url":"https:\/\/maukiss.store\/","sameAs":["https:\/\/www.instagram.com\/maukiss_official\/","https:\/\/www.facebook.com\/Maukissofficial"],"logo":{"@type":"ImageObject","inLanguage":"lt-LT","@id":"https:\/\/maukiss.store\/#\/schema\/logo\/image\/","url":"https:\/\/maukiss.store\/wp-content\/uploads\/2021\/02\/180X180-e1614016205173.png","contentUrl":"https:\/\/maukiss.store\/wp-content\/uploads\/2021\/02\/180X180-e1614016205173.png","width":180,"height":92,"caption":"MauKiss"},"image":{"@id":"https:\/\/maukiss.store\/#\/schema\/logo\/image\/"}}]}},"_links":{"self":[{"href":"https:\/\/maukiss.store\/lt\/wp-json\/wp\/v2\/product\/5524","targetHints":{"allow":["GET"]}}],"collection":[{"href":"https:\/\/maukiss.store\/lt\/wp-json\/wp\/v2\/product"}],"about":[{"href":"https:\/\/maukiss.store\/lt\/wp-json\/wp\/v2\/types\/product"}],"replies":[{"embeddable":true,"href":"https:\/\/maukiss.store\/lt\/wp-json\/wp\/v2\/comments?post=5524"}],"wp:featuredmedia":[{"embeddable":true,"href":"https:\/\/maukiss.store\/lt\/wp-json\/wp\/v2\/media\/5533"}],"wp:attachment":[{"href":"https:\/\/maukiss.store\/lt\/wp-json\/wp\/v2\/media?parent=5524"}],"wp:term":[{"taxonomy":"product_brand","embeddable":true,"href":"https:\/\/maukiss.store\/lt\/wp-json\/wp\/v2\/product_brand?post=5524"},{"taxonomy":"product_cat","embeddable":true,"href":"https:\/\/maukiss.store\/lt\/wp-json\/wp\/v2\/product_cat?post=5524"},{"taxonomy":"product_tag","embeddable":true,"href":"https:\/\/maukiss.store\/lt\/wp-json\/wp\/v2\/product_tag?post=5524"}],"curies":[{"name":"wp","href":"https:\/\/api.w.org\/{rel}","templated":true}]}}