{"id":5563,"date":"2025-02-25T21:21:24","date_gmt":"2025-02-25T19:21:24","guid":{"rendered":"https:\/\/maukiss.store\/?post_type=product&#038;p=5563"},"modified":"2025-02-27T22:17:38","modified_gmt":"2025-02-27T20:17:38","slug":"cozy-light","status":"publish","type":"product","link":"https:\/\/maukiss.store\/lt\/shop-2\/uncategorized\/cozy-light\/","title":{"rendered":"Cozy Light"},"content":{"rendered":"<p>\u201eCozy Light\u201c stalinio \u0161viestuvo dizainas \u012fkv\u0117ptas nat\u016bralios estetikos ir modernios elegancijos. Baltos spalvos gaubtas dekoruotas \u0161velniu, nuimamu kailiuku su rudais ir juodais patamsinimais.. Suteikia interjerui jaukumo. Stalinis \u0161viestuvas skleid\u017eia \u0161velni\u0105, aki\u0173 nevarginan\u010di\u0105 \u0161vies\u0105 ir turi dvi lemputes, abi \u012fmontuotos po gaubtu.<br \/>\nKailiuk\u0105 galima lengvai nuimti ir v\u0117l u\u017ed\u0117ti, tai leid\u017eia lengvai pritaikyti lemp\u0105 pagal j\u016bs\u0173 interjer\u0105.<br \/>\n\u201eCozy Light\u201c sukurta ne tik funkcionalumui, bet ir estetiniam malonumui.<br \/>\nPagaminta Lietuvoje.<br \/>\n&#8211; Ilgis: 42cm.<br \/>\n&#8211; Plotis: 32cm.<\/p>\n","protected":false},"excerpt":{"rendered":"<p>\u201eCozy Light\u201c stalinio \u0161viestuvo dizainas \u012fkv\u0117ptas nat\u016bralios estetikos ir modernios elegancijos. Baltos spalvos gaubtas dekoruotas \u0161velniu, nuimamu kailiuku su rudais ir juodais patamsinimais.. Suteikia interjerui jaukumo. Stalinis \u0161viestuvas skleid\u017eia \u0161velni\u0105,&hellip;<\/p>\n","protected":false},"featured_media":5569,"comment_status":"open","ping_status":"closed","template":"","meta":[],"product_brand":[],"product_cat":[15],"product_tag":[],"class_list":{"0":"post-5563","1":"product","2":"type-product","3":"status-publish","4":"has-post-thumbnail","6":"product_cat-uncategorized","8":"first","9":"instock","10":"shipping-taxable","11":"purchasable","12":"product-type-simple","13":"layout-style-1","14":"col-md-4 col-sm-4 col-xs-6","15":"col-lg-3","16":"product-has-gallery","17":"product-style-default"},"acf":[],"yoast_head":"<!-- This site is optimized with the Yoast SEO plugin v19.5.1 - https:\/\/yoast.com\/wordpress\/plugins\/seo\/ -->\n<title>Cozy Light - MauKiss<\/title>\n<meta name=\"robots\" content=\"index, follow, max-snippet:-1, max-image-preview:large, max-video-preview:-1\" \/>\n<link rel=\"canonical\" href=\"https:\/\/maukiss.store\/shop-2\/be-kategorijos\/cozy-light\/\" \/>\n<meta property=\"og:locale\" content=\"lt_LT\" \/>\n<meta property=\"og:type\" content=\"article\" \/>\n<meta property=\"og:title\" content=\"Cozy Light - MauKiss\" \/>\n<meta property=\"og:description\" content=\"\u201eCozy Light\u201c stalinio \u0161viestuvo dizainas \u012fkv\u0117ptas nat\u016bralios estetikos ir modernios elegancijos. Baltos spalvos gaubtas dekoruotas \u0161velniu, nuimamu kailiuku su rudais ir juodais patamsinimais.. Suteikia interjerui jaukumo. Stalinis \u0161viestuvas skleid\u017eia \u0161velni\u0105,&hellip;\" \/>\n<meta property=\"og:url\" content=\"https:\/\/maukiss.store\/shop-2\/be-kategorijos\/cozy-light\/\" \/>\n<meta property=\"og:site_name\" content=\"MauKiss\" \/>\n<meta property=\"article:publisher\" content=\"https:\/\/www.facebook.com\/Maukissofficial\" \/>\n<meta property=\"article:modified_time\" content=\"2025-02-27T20:17:38+00:00\" \/>\n<meta property=\"og:image\" content=\"https:\/\/maukiss.store\/wp-content\/uploads\/2025\/02\/lamp-small.png\" \/>\n\t<meta property=\"og:image:width\" content=\"1850\" \/>\n\t<meta property=\"og:image:height\" content=\"3290\" \/>\n\t<meta property=\"og:image:type\" content=\"image\/png\" \/>\n<meta name=\"twitter:card\" content=\"summary_large_image\" \/>\n<meta name=\"twitter:label1\" content=\"Est. reading time\" \/>\n\t<meta name=\"twitter:data1\" content=\"1 minut\u0117\" \/>\n<script type=\"application\/ld+json\" class=\"yoast-schema-graph\">{\"@context\":\"https:\/\/schema.org\",\"@graph\":[{\"@type\":\"WebPage\",\"@id\":\"https:\/\/maukiss.store\/shop-2\/be-kategorijos\/cozy-light\/\",\"url\":\"https:\/\/maukiss.store\/shop-2\/be-kategorijos\/cozy-light\/\",\"name\":\"Cozy Light - MauKiss\",\"isPartOf\":{\"@id\":\"https:\/\/maukiss.store\/#website\"},\"datePublished\":\"2025-02-25T19:21:24+00:00\",\"dateModified\":\"2025-02-27T20:17:38+00:00\",\"breadcrumb\":{\"@id\":\"https:\/\/maukiss.store\/shop-2\/be-kategorijos\/cozy-light\/#breadcrumb\"},\"inLanguage\":\"lt-LT\",\"potentialAction\":[{\"@type\":\"ReadAction\",\"target\":[\"https:\/\/maukiss.store\/shop-2\/be-kategorijos\/cozy-light\/\"]}]},{\"@type\":\"BreadcrumbList\",\"@id\":\"https:\/\/maukiss.store\/shop-2\/be-kategorijos\/cozy-light\/#breadcrumb\",\"itemListElement\":[{\"@type\":\"ListItem\",\"position\":1,\"name\":\"Home\",\"item\":\"https:\/\/maukiss.store\/\"},{\"@type\":\"ListItem\",\"position\":2,\"name\":\"Shop\",\"item\":\"https:\/\/maukiss.store\/shop\/\"},{\"@type\":\"ListItem\",\"position\":3,\"name\":\"Cozy Light\"}]},{\"@type\":\"WebSite\",\"@id\":\"https:\/\/maukiss.store\/#website\",\"url\":\"https:\/\/maukiss.store\/\",\"name\":\"MauKiss\",\"description\":\"Show your true self\",\"publisher\":{\"@id\":\"https:\/\/maukiss.store\/#organization\"},\"potentialAction\":[{\"@type\":\"SearchAction\",\"target\":{\"@type\":\"EntryPoint\",\"urlTemplate\":\"https:\/\/maukiss.store\/?s={search_term_string}\"},\"query-input\":\"required name=search_term_string\"}],\"inLanguage\":\"lt-LT\"},{\"@type\":\"Organization\",\"@id\":\"https:\/\/maukiss.store\/#organization\",\"name\":\"MauKiss\",\"url\":\"https:\/\/maukiss.store\/\",\"sameAs\":[\"https:\/\/www.instagram.com\/maukiss_official\/\",\"https:\/\/www.facebook.com\/Maukissofficial\"],\"logo\":{\"@type\":\"ImageObject\",\"inLanguage\":\"lt-LT\",\"@id\":\"https:\/\/maukiss.store\/#\/schema\/logo\/image\/\",\"url\":\"https:\/\/maukiss.store\/wp-content\/uploads\/2021\/02\/180X180-e1614016205173.png\",\"contentUrl\":\"https:\/\/maukiss.store\/wp-content\/uploads\/2021\/02\/180X180-e1614016205173.png\",\"width\":180,\"height\":92,\"caption\":\"MauKiss\"},\"image\":{\"@id\":\"https:\/\/maukiss.store\/#\/schema\/logo\/image\/\"}}]}<\/script>\n<!-- \/ Yoast SEO plugin. -->","yoast_head_json":{"title":"Cozy Light - MauKiss","robots":{"index":"index","follow":"follow","max-snippet":"max-snippet:-1","max-image-preview":"max-image-preview:large","max-video-preview":"max-video-preview:-1"},"canonical":"https:\/\/maukiss.store\/shop-2\/be-kategorijos\/cozy-light\/","og_locale":"lt_LT","og_type":"article","og_title":"Cozy Light - MauKiss","og_description":"\u201eCozy Light\u201c stalinio \u0161viestuvo dizainas \u012fkv\u0117ptas nat\u016bralios estetikos ir modernios elegancijos. Baltos spalvos gaubtas dekoruotas \u0161velniu, nuimamu kailiuku su rudais ir juodais patamsinimais.. Suteikia interjerui jaukumo. Stalinis \u0161viestuvas skleid\u017eia \u0161velni\u0105,&hellip;","og_url":"https:\/\/maukiss.store\/shop-2\/be-kategorijos\/cozy-light\/","og_site_name":"MauKiss","article_publisher":"https:\/\/www.facebook.com\/Maukissofficial","article_modified_time":"2025-02-27T20:17:38+00:00","og_image":[{"width":1850,"height":3290,"url":"https:\/\/maukiss.store\/wp-content\/uploads\/2025\/02\/lamp-small.png","type":"image\/png"}],"twitter_card":"summary_large_image","twitter_misc":{"Est. reading time":"1 minut\u0117"},"schema":{"@context":"https:\/\/schema.org","@graph":[{"@type":"WebPage","@id":"https:\/\/maukiss.store\/shop-2\/be-kategorijos\/cozy-light\/","url":"https:\/\/maukiss.store\/shop-2\/be-kategorijos\/cozy-light\/","name":"Cozy Light - MauKiss","isPartOf":{"@id":"https:\/\/maukiss.store\/#website"},"datePublished":"2025-02-25T19:21:24+00:00","dateModified":"2025-02-27T20:17:38+00:00","breadcrumb":{"@id":"https:\/\/maukiss.store\/shop-2\/be-kategorijos\/cozy-light\/#breadcrumb"},"inLanguage":"lt-LT","potentialAction":[{"@type":"ReadAction","target":["https:\/\/maukiss.store\/shop-2\/be-kategorijos\/cozy-light\/"]}]},{"@type":"BreadcrumbList","@id":"https:\/\/maukiss.store\/shop-2\/be-kategorijos\/cozy-light\/#breadcrumb","itemListElement":[{"@type":"ListItem","position":1,"name":"Home","item":"https:\/\/maukiss.store\/"},{"@type":"ListItem","position":2,"name":"Shop","item":"https:\/\/maukiss.store\/shop\/"},{"@type":"ListItem","position":3,"name":"Cozy Light"}]},{"@type":"WebSite","@id":"https:\/\/maukiss.store\/#website","url":"https:\/\/maukiss.store\/","name":"MauKiss","description":"Show your true self","publisher":{"@id":"https:\/\/maukiss.store\/#organization"},"potentialAction":[{"@type":"SearchAction","target":{"@type":"EntryPoint","urlTemplate":"https:\/\/maukiss.store\/?s={search_term_string}"},"query-input":"required name=search_term_string"}],"inLanguage":"lt-LT"},{"@type":"Organization","@id":"https:\/\/maukiss.store\/#organization","name":"MauKiss","url":"https:\/\/maukiss.store\/","sameAs":["https:\/\/www.instagram.com\/maukiss_official\/","https:\/\/www.facebook.com\/Maukissofficial"],"logo":{"@type":"ImageObject","inLanguage":"lt-LT","@id":"https:\/\/maukiss.store\/#\/schema\/logo\/image\/","url":"https:\/\/maukiss.store\/wp-content\/uploads\/2021\/02\/180X180-e1614016205173.png","contentUrl":"https:\/\/maukiss.store\/wp-content\/uploads\/2021\/02\/180X180-e1614016205173.png","width":180,"height":92,"caption":"MauKiss"},"image":{"@id":"https:\/\/maukiss.store\/#\/schema\/logo\/image\/"}}]}},"_links":{"self":[{"href":"https:\/\/maukiss.store\/lt\/wp-json\/wp\/v2\/product\/5563","targetHints":{"allow":["GET"]}}],"collection":[{"href":"https:\/\/maukiss.store\/lt\/wp-json\/wp\/v2\/product"}],"about":[{"href":"https:\/\/maukiss.store\/lt\/wp-json\/wp\/v2\/types\/product"}],"replies":[{"embeddable":true,"href":"https:\/\/maukiss.store\/lt\/wp-json\/wp\/v2\/comments?post=5563"}],"wp:featuredmedia":[{"embeddable":true,"href":"https:\/\/maukiss.store\/lt\/wp-json\/wp\/v2\/media\/5569"}],"wp:attachment":[{"href":"https:\/\/maukiss.store\/lt\/wp-json\/wp\/v2\/media?parent=5563"}],"wp:term":[{"taxonomy":"product_brand","embeddable":true,"href":"https:\/\/maukiss.store\/lt\/wp-json\/wp\/v2\/product_brand?post=5563"},{"taxonomy":"product_cat","embeddable":true,"href":"https:\/\/maukiss.store\/lt\/wp-json\/wp\/v2\/product_cat?post=5563"},{"taxonomy":"product_tag","embeddable":true,"href":"https:\/\/maukiss.store\/lt\/wp-json\/wp\/v2\/product_tag?post=5563"}],"curies":[{"name":"wp","href":"https:\/\/api.w.org\/{rel}","templated":true}]}}